{"id":2360,"date":"2021-05-30T15:09:22","date_gmt":"2021-05-30T13:09:22","guid":{"rendered":"https:\/\/m23.uber.space\/?page_id=2360"},"modified":"2021-12-12T10:51:09","modified_gmt":"2021-12-12T09:51:09","slug":"stadtteilzeitung-ausgabe-2","status":"publish","type":"page","link":"https:\/\/www.magdelstube.de\/en\/stadtteilzeitung-ausgabe-2\/","title":{"rendered":"Stadtteilzeitung Ausgabe #2"},"content":{"rendered":"<h1>Hier findet ihr Ausgabe #3 der Stadtteilzeitung zum herunterladen.<\/h1>\n<p><em>Einfach auf die Titelseite klicken.<\/em><\/p>\n<p><a href=\"https:\/\/magdelstube.de\/wp-content\/uploads\/2021\/05\/Stadtteilzeitung2_web.pdf\"><img loading=\"lazy\" decoding=\"async\" class=\"alignnone wp-image-2439\" style=\"font-family: Verdana, Geneva, sans-serif;\" src=\"https:\/\/magdelstube.de\/wp-content\/uploads\/2021\/05\/Ausgabe-2-Front-bild-207x300.png\" alt=\"\" width=\"223\" height=\"323\" srcset=\"https:\/\/magdelstube.de\/wp-content\/uploads\/2021\/05\/Ausgabe-2-Front-bild-207x300.png 207w, https:\/\/magdelstube.de\/wp-content\/uploads\/2021\/05\/Ausgabe-2-Front-bild.png 582w\" sizes=\"auto, (max-width: 223px) 100vw, 223px\" \/><\/a><\/p>\n<p><em>\u2666 Aufgepasst: Unten geht es sogar noch weiter.\u2666<\/em><\/p>\n<hr \/>\n<h2 style=\"text-align: left;\">Hier findet ihr <span class='hurraki_tooltip' data-title='Artikel' style='border-bottom:2px dotted #888;'>Artikel<\/span> und Texte aus Ausgabe #2 vorgelesen zum anh\u00f6ren und Artikel ungek\u00fcrzt. Einfach die Audios abspielen oder auf die Artikel klicken.<\/h2>\n<h2 style=\"text-align: left;\"><em>Titelseite<\/em><\/h2>\n<p><strong>&#8220;<span class='hurraki_tooltip' data-title='Liebe' style='border-bottom:2px dotted #888;'>Liebe<\/span> Leser*innen&#8221; <\/strong><em>\u2022 Seite 1<\/em><\/p>\n<audio class=\"wp-audio-shortcode\" id=\"audio-2360-1\" preload=\"none\" style=\"width: 100%;\" controls=\"controls\"><source type=\"audio\/mpeg\" src=\"https:\/\/magdelstube.de\/wp-content\/uploads\/2021\/06\/Titelseite-Seite-1.mp3?_=1\" \/><a href=\"https:\/\/magdelstube.de\/wp-content\/uploads\/2021\/06\/Titelseite-Seite-1.mp3\">https:\/\/magdelstube.de\/wp-content\/uploads\/2021\/06\/Titelseite-Seite-1.mp3<\/a><\/audio>\n<h2><em>Optische <span class='hurraki_tooltip' data-title='Industrie' style='border-bottom:2px dotted #888;'>Industrie<\/span> \u2013 fr\u00fcher und heute<\/em><\/h2>\n<p><strong>&#8220;Das S\u00fcdviertel und die optische Industrie&#8221;<\/strong> <em>\u2022 Seite 2<\/em><\/p>\n<audio class=\"wp-audio-shortcode\" id=\"audio-2360-2\" preload=\"none\" style=\"width: 100%;\" controls=\"controls\"><source type=\"audio\/mpeg\" src=\"https:\/\/magdelstube.de\/wp-content\/uploads\/2021\/06\/Seite2-Das-Suedviertel-und-die-optische-Industrie.mp3?_=2\" \/><a href=\"https:\/\/magdelstube.de\/wp-content\/uploads\/2021\/06\/Seite2-Das-Suedviertel-und-die-optische-Industrie.mp3\">https:\/\/magdelstube.de\/wp-content\/uploads\/2021\/06\/Seite2-Das-Suedviertel-und-die-optische-Industrie.mp3<\/a><\/audio>\n<p><strong>&#8220;Arbeitskampf, Homeoffice &#038; Neubau&#8221;<\/strong><em>\u2022 Seite 3<\/em><\/p>\n<audio class=\"wp-audio-shortcode\" id=\"audio-2360-3\" preload=\"none\" style=\"width: 100%;\" controls=\"controls\"><source type=\"audio\/mpeg\" src=\"https:\/\/magdelstube.de\/wp-content\/uploads\/2021\/06\/Seite3-Arbeitskampf-HomeOffice-Neubau-1.mp3?_=3\" \/><a href=\"https:\/\/magdelstube.de\/wp-content\/uploads\/2021\/06\/Seite3-Arbeitskampf-HomeOffice-Neubau-1.mp3\">https:\/\/magdelstube.de\/wp-content\/uploads\/2021\/06\/Seite3-Arbeitskampf-HomeOffice-Neubau-1.mp3<\/a><\/audio>\n<h2><em><span class='hurraki_tooltip' data-title='Protest' style='border-bottom:2px dotted #888;'>Protest<\/span> gegen das Haushaltssicherungskonzept<\/em><\/h2>\n<p><strong>&#8220;Gemeinsam streiten f\u00fcr eine lebenswerte Stadt&#8221;<\/strong> <em>\u2022 Seite 4-5<\/em><\/p>\n<audio class=\"wp-audio-shortcode\" id=\"audio-2360-4\" preload=\"none\" style=\"width: 100%;\" controls=\"controls\"><source type=\"audio\/mpeg\" src=\"https:\/\/magdelstube.de\/wp-content\/uploads\/2021\/06\/Seite4-5-HSK.mp3?_=4\" \/><a href=\"https:\/\/magdelstube.de\/wp-content\/uploads\/2021\/06\/Seite4-5-HSK.mp3\">https:\/\/magdelstube.de\/wp-content\/uploads\/2021\/06\/Seite4-5-HSK.mp3<\/a><\/audio>\n<h2><em>Aus dem S\u00fcdviertel<\/em><\/h2>\n<p><a href=\"https:\/\/magdelstube.de\/turmfalken-in-der-nachbarschaft\/\" target=\"_blank\" rel=\"noopener\"><b>&#8220;Turmfalken in der Nachbarschaft&#8221;<\/b><\/a> <em>\u2022 Seite 6<\/em><\/p>\n<p><em>Auf den Titel klicken, um zum ungek\u00fcrzten Artikel zu gelangen<\/em><\/p>\n<audio class=\"wp-audio-shortcode\" id=\"audio-2360-5\" preload=\"none\" style=\"width: 100%;\" controls=\"controls\"><source type=\"audio\/mpeg\" src=\"https:\/\/magdelstube.de\/wp-content\/uploads\/2021\/05\/Fallken-im-Suedviertel.mp3?_=5\" \/><a href=\"https:\/\/magdelstube.de\/wp-content\/uploads\/2021\/05\/Fallken-im-Suedviertel.mp3\">https:\/\/magdelstube.de\/wp-content\/uploads\/2021\/05\/Fallken-im-Suedviertel.mp3<\/a><\/audio>\n<p><strong>&#8220;Die \u00fcbergro\u00dfe Mehrheit von uns will nicht bauen.&#8221;<\/strong> <em>\u2022 Seite 7<\/em><\/p>\n<audio class=\"wp-audio-shortcode\" id=\"audio-2360-6\" preload=\"none\" style=\"width: 100%;\" controls=\"controls\"><source type=\"audio\/mpeg\" src=\"https:\/\/magdelstube.de\/wp-content\/uploads\/2021\/06\/Seite7-Die-uebergrosse-Mehrheit-von-uns-will-nicht-bauen.mp3?_=6\" \/><a href=\"https:\/\/magdelstube.de\/wp-content\/uploads\/2021\/06\/Seite7-Die-uebergrosse-Mehrheit-von-uns-will-nicht-bauen.mp3\">https:\/\/magdelstube.de\/wp-content\/uploads\/2021\/06\/Seite7-Die-uebergrosse-Mehrheit-von-uns-will-nicht-bauen.mp3<\/a><\/audio>\n<p><strong>&#8220;Umstrittene Personenkontrollen&#8221;<\/strong> <em>\u2022 Seite 7<\/em><\/p>\n<audio class=\"wp-audio-shortcode\" id=\"audio-2360-7\" preload=\"none\" style=\"width: 100%;\" controls=\"controls\"><source type=\"audio\/mpeg\" src=\"https:\/\/magdelstube.de\/wp-content\/uploads\/2021\/05\/Umstrittene-Personenkontrollen.mp3?_=7\" \/><a href=\"https:\/\/magdelstube.de\/wp-content\/uploads\/2021\/05\/Umstrittene-Personenkontrollen.mp3\">https:\/\/magdelstube.de\/wp-content\/uploads\/2021\/05\/Umstrittene-Personenkontrollen.mp3<\/a><\/audio>\n<h2><em>Aus der Magdelstube<\/em><\/h2>\n<p><strong>&#8220;Keine Angst vor Gerichten und Beh\u00f6rden&#8221;<\/strong> <em>\u2022 Seite 8<\/em><\/p>\n<audio class=\"wp-audio-shortcode\" id=\"audio-2360-8\" preload=\"none\" style=\"width: 100%;\" controls=\"controls\"><source type=\"audio\/mpeg\" src=\"https:\/\/magdelstube.de\/wp-content\/uploads\/2021\/05\/Sozialrechtsberatung.mp3?_=8\" \/><a href=\"https:\/\/magdelstube.de\/wp-content\/uploads\/2021\/05\/Sozialrechtsberatung.mp3\">https:\/\/magdelstube.de\/wp-content\/uploads\/2021\/05\/Sozialrechtsberatung.mp3<\/a><\/audio>\n<p><strong>&#8220;Der Verein s\u00fcdviertel solidarisch e.V.&#8221; <\/strong><em>\u2022 Seite 9<\/em><\/p>\n<audio class=\"wp-audio-shortcode\" id=\"audio-2360-9\" preload=\"none\" style=\"width: 100%;\" controls=\"controls\"><source type=\"audio\/mpeg\" src=\"https:\/\/magdelstube.de\/wp-content\/uploads\/2021\/05\/Suedviertel-solidarisch-eV-Artikel.mp3?_=9\" \/><a href=\"https:\/\/magdelstube.de\/wp-content\/uploads\/2021\/05\/Suedviertel-solidarisch-eV-Artikel.mp3\">https:\/\/magdelstube.de\/wp-content\/uploads\/2021\/05\/Suedviertel-solidarisch-eV-Artikel.mp3<\/a><\/audio>\n<p><strong>&#8220;Ein Ort zum Mitmachen! Fragen &#038; Antworten zur Magdelstube&#8221;<\/strong> <em>\u2022 Seite 9<\/em><\/p>\n<h2><em>Dies &#038; Das<\/em><\/h2>\n<p><strong>Buchempfehlung: &#8220;Erinnern st\u00f6ren. Der <span class='hurraki_tooltip' data-title='Mauerfall' style='border-bottom:2px dotted #888;'>Mauerfall<\/span> aus migrantischer und j\u00fcdischer Perspektive&#8221; <\/strong><em style=\"font-family: Verdana, Geneva, sans-serif;\">\u2022 Seite 10<\/em><\/p>\n<audio class=\"wp-audio-shortcode\" id=\"audio-2360-10\" preload=\"none\" style=\"width: 100%;\" controls=\"controls\"><source type=\"audio\/mpeg\" src=\"https:\/\/magdelstube.de\/wp-content\/uploads\/2021\/06\/Seite3-Arbeitskampf-HomeOffice-Neubau.mp3?_=10\" \/><a href=\"https:\/\/magdelstube.de\/wp-content\/uploads\/2021\/06\/Seite3-Arbeitskampf-HomeOffice-Neubau.mp3\">https:\/\/magdelstube.de\/wp-content\/uploads\/2021\/06\/Seite3-Arbeitskampf-HomeOffice-Neubau.mp3<\/a><\/audio>\n<h2><em><span class='hurraki_tooltip' data-title='Letzte' style='border-bottom:2px dotted #888;'>Letzte<\/span> Seite<\/em><\/h2>\n<p><strong>Mitmachen &#038; Kontakt <\/strong><em style=\"font-family: Verdana, Geneva, sans-serif;\">\u2022 Seite 12<\/em><\/p>\n<audio class=\"wp-audio-shortcode\" id=\"audio-2360-11\" preload=\"none\" style=\"width: 100%;\" controls=\"controls\"><source type=\"audio\/mpeg\" src=\"https:\/\/magdelstube.de\/wp-content\/uploads\/2021\/05\/mitmachen-und-kontakt.mp3?_=11\" \/><a href=\"https:\/\/magdelstube.de\/wp-content\/uploads\/2021\/05\/mitmachen-und-kontakt.mp3\">https:\/\/magdelstube.de\/wp-content\/uploads\/2021\/05\/mitmachen-und-kontakt.mp3<\/a><\/audio>\n<p><strong>Impressum<\/strong> <em style=\"font-family: Verdana, Geneva, sans-serif;\">\u2022 Seite 12<\/em><\/p>\n<audio class=\"wp-audio-shortcode\" id=\"audio-2360-12\" preload=\"none\" style=\"width: 100%;\" controls=\"controls\"><source type=\"audio\/mpeg\" src=\"https:\/\/magdelstube.de\/wp-content\/uploads\/2021\/05\/impressum.mp3?_=12\" \/><a href=\"https:\/\/magdelstube.de\/wp-content\/uploads\/2021\/05\/impressum.mp3\">https:\/\/magdelstube.de\/wp-content\/uploads\/2021\/05\/impressum.mp3<\/a><\/audio>\n<hr \/>\n<blockquote>\n<p><a href=\"https:\/\/magdelstube.de\/wp-content\/uploads\/2021\/06\/BMFSFJ_DL_mitFoerderzusatz-e1623139938461.png\"><img loading=\"lazy\" decoding=\"async\" class=\"alignnone wp-image-2578\" src=\"https:\/\/magdelstube.de\/wp-content\/uploads\/2021\/06\/BMFSFJ_DL_mitFoerderzusatz-e1623139938461-1024x243.png\" alt=\"\" width=\"337\" height=\"80\" srcset=\"https:\/\/magdelstube.de\/wp-content\/uploads\/2021\/06\/BMFSFJ_DL_mitFoerderzusatz-e1623139938461-1024x243.png 1024w, https:\/\/magdelstube.de\/wp-content\/uploads\/2021\/06\/BMFSFJ_DL_mitFoerderzusatz-e1623139938461-300x71.png 300w, https:\/\/magdelstube.de\/wp-content\/uploads\/2021\/06\/BMFSFJ_DL_mitFoerderzusatz-e1623139938461-768x182.png 768w, https:\/\/magdelstube.de\/wp-content\/uploads\/2021\/06\/BMFSFJ_DL_mitFoerderzusatz-e1623139938461-1536x365.png 1536w, https:\/\/magdelstube.de\/wp-content\/uploads\/2021\/06\/BMFSFJ_DL_mitFoerderzusatz-e1623139938461.png 1677w\" sizes=\"auto, (max-width: 337px) 100vw, 337px\" \/><\/a><a href=\"https:\/\/magdelstube.de\/wp-content\/uploads\/2021\/06\/Logos-Land-fertig-scaled.jpg\"><img loading=\"lazy\" decoding=\"async\" class=\"alignnone wp-image-2579\" src=\"https:\/\/magdelstube.de\/wp-content\/uploads\/2021\/06\/Logos-Land-fertig-1024x238.jpg\" alt=\"\" width=\"345\" height=\"80\" srcset=\"https:\/\/magdelstube.de\/wp-content\/uploads\/2021\/06\/Logos-Land-fertig-1024x238.jpg 1024w, https:\/\/magdelstube.de\/wp-content\/uploads\/2021\/06\/Logos-Land-fertig-300x70.jpg 300w, https:\/\/magdelstube.de\/wp-content\/uploads\/2021\/06\/Logos-Land-fertig-768x178.jpg 768w, https:\/\/magdelstube.de\/wp-content\/uploads\/2021\/06\/Logos-Land-fertig-1536x356.jpg 1536w, https:\/\/magdelstube.de\/wp-content\/uploads\/2021\/06\/Logos-Land-fertig-2048x475.jpg 2048w\" sizes=\"auto, (max-width: 345px) 100vw, 345px\" \/><\/a><a href=\"https:\/\/magdelstube.de\/wp-content\/uploads\/2021\/06\/PfD-Jena-Logo_rechteckig_2020.jpg\"><img loading=\"lazy\" decoding=\"async\" class=\"alignnone wp-image-2580\" src=\"https:\/\/magdelstube.de\/wp-content\/uploads\/2021\/06\/PfD-Jena-Logo_rechteckig_2020-1024x276.jpg\" alt=\"\" width=\"185\" height=\"50\" srcset=\"https:\/\/magdelstube.de\/wp-content\/uploads\/2021\/06\/PfD-Jena-Logo_rechteckig_2020-1024x276.jpg 1024w, https:\/\/magdelstube.de\/wp-content\/uploads\/2021\/06\/PfD-Jena-Logo_rechteckig_2020-300x81.jpg 300w, https:\/\/magdelstube.de\/wp-content\/uploads\/2021\/06\/PfD-Jena-Logo_rechteckig_2020-768x207.jpg 768w, https:\/\/magdelstube.de\/wp-content\/uploads\/2021\/06\/PfD-Jena-Logo_rechteckig_2020-1536x415.jpg 1536w, https:\/\/magdelstube.de\/wp-content\/uploads\/2021\/06\/PfD-Jena-Logo_rechteckig_2020-2048x553.jpg 2048w\" sizes=\"auto, (max-width: 185px) 100vw, 185px\" \/><\/a><\/p>\n<pre style=\"text-align: center;\"><em>Diese <span class='hurraki_tooltip' data-title='Publikation' style='border-bottom:2px dotted #888;'>Publikation<\/span> stellt keine Meinungs\u00e4u\u00dferung der F\u00f6rdermittelgebenden dar. F\u00fcr die inhaltlichen Aussagen tr\u00e4gt die Redaktion die <span class='hurraki_tooltip' data-title='Verantwortung' style='border-bottom:2px dotted #888;'>Verantwortung<\/span>.<\/em>\r\n<em>Diese Ausgabe der Stadtteilzeitung wurde vom Ortsteilsrat Jena-S\u00fcd finanziell unterst\u00fctzt.<\/em><\/pre>\n<\/blockquote>\n<h5><\/h5>\n","protected":false},"excerpt":{"rendered":"<p>Hier findet ihr Ausgabe #3 der Stadtteilzeitung zum herunterladen. Einfach auf die Titelseite klicken. \u2666 Aufgepasst: Unten geht es sogar noch weiter.\u2666 Hier findet ihr Artikel und Texte aus Ausgabe #2 vorgelesen zum anh\u00f6ren und Artikel ungek\u00fcrzt. Einfach die Audios<\/p>\n","protected":false},"author":1,"featured_media":0,"parent":0,"menu_order":0,"comment_status":"closed","ping_status":"closed","template":"","meta":{"footnotes":""},"class_list":["post-2360","page","type-page","status-publish","hentry"],"translation":{"provider":"WPGlobus","version":"3.0.2","language":"en","enabled_languages":["de","en"],"languages":{"de":{"title":true,"content":true,"excerpt":false},"en":{"title":false,"content":false,"excerpt":false}}},"_links":{"self":[{"href":"https:\/\/www.magdelstube.de\/en\/wp-json\/wp\/v2\/pages\/2360","targetHints":{"allow":["GET"]}}],"collection":[{"href":"https:\/\/www.magdelstube.de\/en\/wp-json\/wp\/v2\/pages"}],"about":[{"href":"https:\/\/www.magdelstube.de\/en\/wp-json\/wp\/v2\/types\/page"}],"author":[{"embeddable":true,"href":"https:\/\/www.magdelstube.de\/en\/wp-json\/wp\/v2\/users\/1"}],"replies":[{"embeddable":true,"href":"https:\/\/www.magdelstube.de\/en\/wp-json\/wp\/v2\/comments?post=2360"}],"version-history":[{"count":37,"href":"https:\/\/www.magdelstube.de\/en\/wp-json\/wp\/v2\/pages\/2360\/revisions"}],"predecessor-version":[{"id":3317,"href":"https:\/\/www.magdelstube.de\/en\/wp-json\/wp\/v2\/pages\/2360\/revisions\/3317"}],"wp:attachment":[{"href":"https:\/\/www.magdelstube.de\/en\/wp-json\/wp\/v2\/media?parent=2360"}],"curies":[{"name":"wp","href":"https:\/\/api.w.org\/{rel}","templated":true}]}}