{"id":2448,"date":"2021-05-30T23:49:49","date_gmt":"2021-05-30T21:49:49","guid":{"rendered":"https:\/\/m23.uber.space\/?page_id=2448"},"modified":"2021-07-31T03:41:25","modified_gmt":"2021-07-31T01:41:25","slug":"turmfalken-in-der-nachbarschaft","status":"publish","type":"page","link":"https:\/\/www.magdelstube.de\/en\/turmfalken-in-der-nachbarschaft\/","title":{"rendered":"Turmfalken in der Nachbarschaft"},"content":{"rendered":"<p style=\"text-align: justify;\"><strong>Die Magdelstube m\u00f6chte aufzeigen, wie gesellschaftliche <span class='hurraki_tooltip' data-title='Teilhabe' style='border-bottom:2px dotted #888;'>Teilhabe<\/span> und Freizeitgestaltung auch unkommerziell gehen kann. Eine T\u00e4tigkeit, die au\u00dfer ein bisschen Zeit eigentlich nichts weiter ben\u00f6tigt, ist die Vogelbeobachtung. Das geht in Jena auch direkt vor der Haust\u00fcr. Viele V\u00f6gel sind in der Stadt und den Wohngebieten darum herum heimisch. Eine Vogelart wollen wir hier etwas genauer betrachten: Die Turmfalken. Im vergangenen <span class='hurraki_tooltip' data-title='Jahr' style='border-bottom:2px dotted #888;'>Jahr<\/span> wurde ein Paar sogar zur unmittelbaren Nachbarschaft f\u00fcr eine Familie in Jena S\u00fcd.<\/strong><\/p>\n<p>Ungek\u00fcrzte Fassung \u2022 Sven Olaf Nix \u2022 30.05.2021<\/p>\n<p style=\"text-align: justify;\">Wer im Fr\u00fchjahr und Sommer durch Jena geht, kann die kleinen Falken kaum \u00fcbersehen. Sobald etwa im April die Paarungszeit beginnt, beginnen die Turmfalken wieder ihre Nester zu beziehen und f\u00fcr ihre bis zu sechs Eier vorzubereiten. Der Turmfalke war im Jahre 2007 Vogel des Jahres. Doch auch das vergangene Jahr war ein echtes Turmfalken Jahr in Jena. Die kleine Falken Art war \u00fcber Jena f\u00fcr viele gut zu entdecken. In Urbanen, also im st\u00e4dtischen Raum, kommen die Tiere gut zurecht. \u201eDer\u00a0Turmfalke geh\u00f6rt nicht unbedingt zu den Arten, die\u00a0es\u00a0irgendwie schwer haben. Es ist eine sehr h\u00e4ufige Art, die in St\u00e4dten vor allem sehr h\u00e4ufig\u00a0und\u00a0regelm\u00e4\u00dfig vorkommt\u201c, erkl\u00e4rt uns der Ornithologe Michael Nickel.<\/p>\n<p><em><a href=\"https:\/\/magdelstube.de\/wp-content\/uploads\/2021\/05\/Michaell-Nickel.png\"><img loading=\"lazy\" decoding=\"async\" class=\"size-medium wp-image-2493 alignleft\" src=\"https:\/\/magdelstube.de\/wp-content\/uploads\/2021\/05\/Michaell-Nickel-225x300.png\" alt=\"\" width=\"225\" height=\"300\" srcset=\"https:\/\/magdelstube.de\/wp-content\/uploads\/2021\/05\/Michaell-Nickel-225x300.png 225w, https:\/\/magdelstube.de\/wp-content\/uploads\/2021\/05\/Michaell-Nickel-768x1024.png 768w, https:\/\/magdelstube.de\/wp-content\/uploads\/2021\/05\/Michaell-Nickel-1152x1536.png 1152w, https:\/\/magdelstube.de\/wp-content\/uploads\/2021\/05\/Michaell-Nickel-1536x2048.png 1536w, https:\/\/magdelstube.de\/wp-content\/uploads\/2021\/05\/Michaell-Nickel.png 1864w\" sizes=\"auto, (max-width: 225px) 100vw, 225px\" \/><\/a><span style=\"color: #808080;\">Michael Nickel (Bild links) ist der Gesch\u00e4ftsf\u00fchrer des Vereins <a style=\"color: #808080;\" href=\"http:\/\/www.ornithologen-thueringen.de\/\" target=\"_blank\" rel=\"noopener\"><strong>Th\u00fcringer Ornithologen e.V.<\/strong><\/a>\u00a0und hat sein Wissen \u00fcber Turmfalken mit uns geteilt. Das vollst\u00e4ndige Interview findet sich auf unserer Homepage, zum Nachh\u00f6ren und <span class='hurraki_tooltip' data-title='Lesen' style='border-bottom:2px dotted #888;'>Lesen<\/span>. Einen Lieblingsvogel hat der Ornithologe allerdings eher nicht: &#8220;Es ist immer der Vogel, den ich zuletzt gesehen habe.&#8221;<\/span><\/em><\/p>\n<p style=\"text-align: justify;\">Die Turmfalken seien 2020 wirklich sehr zahlreich in Jena gewesen. \u00dcber die Gr\u00fcnde kann auch Nickel nur spekulieren. \u201eEs ist\u00a0tats\u00e4chlich so gewesen,\u00a0nicht nur\u00a0im S\u00fcdviertel,\u00a0auch\u00a0allgemein in\u00a0Jena,\u00a0das\u00a0zum einen\u00a0relativ viele Turmfalken da waren, aber\u00a0auch,\u00a0dass diese erfolgreich waren.\u00a0Es sind einige f\u00fcnf\u00a0bis sechser Bruten, also f\u00fcnf bis sechs Bruttiere tats\u00e4chlich auch ausgeflogen.\u201c<\/p>\n<p style=\"text-align: justify;\">Die Nahrungssituation war offensichtlich sehr gut f\u00fcr die Turmfalken. Des es auch ein starkes Jahr f\u00fcr M\u00e4use war, ging auch durch die <span class='hurraki_tooltip' data-title='presse' style='border-bottom:2px dotted #888;'>presse<\/span>. \u201eIn den landwirtschaftlichen Bereichen hat es zum Teil\u00a0zu Problemen gef\u00fchrt, weil es einfach zu viele M\u00e4use waren, was aber im Umkehrschluss bedeutet das vor allem Greifv\u00f6gel und Eulen davon nat\u00fcrlich besonders profitiert haben.\u201c Hinzu kamen gute Wetterbedingungen.<\/p>\n<p style=\"text-align: justify;\">Eine etwas ungew\u00f6hnlich erscheinende Nisthilfe hat ein Falkenpaar im Jahr 2020 in Jena S\u00fcd f\u00fcr sich entdeckt: Einen Blumentopf auf einer Fensterbank. Die Bewohner*innen hatten auf diese Art einen perfekten Einblick in die Brutt\u00e4tigkeiten der Falkenfamilie. Durch die Fensterscheibe gelangen sogar einige Video Aufnahmen. F\u00fcr Herr Nickel ist das eine tolle Sache: \u201e\u2026dass man aus dem eigenen Fenster direkt in so einen\u00a0kleinen\u00a0Kindergarten\u00a0hineinguckt, das ist ja traumhaft.\u00a0Man\u00a0kann\u00a0da wirklich zugucken, wie die Kleinen\u00a0wachsen und dann irgendwann ausfliegen.\u201c<\/p>\n<p style=\"text-align: justify;\">Unge\u00fcbten Vogelbeobachter*innen will Herr Nickel Mut machen. Diese seien nicht schwer zu erkennen. \u201eAlso, der Turmfalke ist\u00a0nat\u00fcrlich ein klassischer Falke.\u00a0Also typische Falken Form, spitze\u00a0Fl\u00fcgel, relativ langer Schwanz.\u00a0Auch die\u00a0F\u00e4rbung, diese br\u00e4unliche,\u00a0ist eigentlich\u00a0relativ unverwechselbar. In der Stadt kommen in der\u00a0Regel\u00a0auch nicht verschiedene andere Falkenarten vor.\u201c Auch innerhalb der Art k\u00f6nnen die Weibchen von den M\u00e4nnchen gut unterschieden werden, sofern sie voll ausgef\u00e4rbt sind. Die\u00a0M\u00e4nnchen\u00a0haben einen gr\u00e4ulichen Kopf, bei den Weibchen bleibt er eher br\u00e4unlich\u00a0mit leichten Strichelungen. Beide haben einen\u00a0Bartstreif, der vom Auge bis hin zum Kinn geht.\u00a0Der ist bei den M\u00e4nnchen in der\u00a0Regel\u00a0etwas ausgepr\u00e4gter als bei den Weibchen. \u201eDie M\u00e4nnchen, die ein paar Jahre alt sind, die haben dann einen richtig sch\u00f6nen grauen Kopf, mit einem rostroten R\u00fccken, mit ein paar braunen Flecken.\u00a0Die\u00a0Weibchen bleiben insgesamt etwas brauner, sie haben nicht diesen grauen Kopf\u201c, beschreibt der Ornithologe weiter.<\/p>\n<p>[twenty20 img1=&#8221;2462&#8243; img2=&#8221;2461&#8243; width=&#8221;57%&#8221; offset=&#8221;0.7&#8243; align=&#8221;left&#8221;]<\/p>\n<p><span style=\"color: #808080;\"><em>Dieses Turmfalken M\u00e4nnchen ist an dem hellgrauen Kopf gut vom Weibchen zu unterschieden, wenn es gelassen auf den D\u00e4chern Jenas sitzt:<\/em><\/span><\/p>\n<p style=\"text-align: justify;\">Mit anderen V\u00f6geln k\u00f6nnen Turmfalken in Jena kaum verwechselt werden, meint Herr Nickel weiter. Hierzu bleibt h\u00f6chstens der Wanderfalke, die einzige andere Falkenart, die um Jena regelm\u00e4\u00dfig beobachtet werden kann. Der Hauptunterschied liegt hierbei vor allem in der Gr\u00f6\u00dfe. Wanderfalken sind fast doppelt so gro\u00df wie Turmfalken. \u201eDie einzige\u00a0andere Falkenart,\u00a0die\u00a0auch noch\u00a0vorkommt\u00a0und die wir auch hier in Jena haben, ist der Wanderfalke, der aber <span class='hurraki_tooltip' data-title='deutlich' style='border-bottom:2px dotted #888;'>deutlich<\/span> gr\u00f6\u00dfer ist.\u201c<\/p>\n<p style=\"text-align: justify;\">Oft zu beobachten sind Turmfalken bei ihrem R\u00fcttelflug, wenn sie auf der Stelle fliegen, um Beute anzupeilen. Das tun sie sehr viel h\u00e4ufiger als andere, vergleichbare Vogelarten. \u201eDas ist ein sehr typisches\u00a0Verhalten, das Turmfalken\u00a0sehr\u00a0regelm\u00e4\u00dfig zeigen.\u201c<\/p>\n<p style=\"text-align: justify;\">Besonders charakteristisch sind die keckernden Rufe, die \u00fcber den D\u00e4chern in Jena h\u00e4ufiger geh\u00f6rt werden k\u00f6nnen. \u201eTurmfalken sind relativ ruffreudige V\u00f6gel. Auch f\u00fcr einen Falken ruft er relativ viel\u201c, erkl\u00e4rt Herr Nickel weiter.<\/p>\n<p style=\"text-align: left;\"><span style=\"color: #808080;\"><em>Hier k\u00f6nnt ihr den typischen Ruf einmal nachh\u00f6ren:<\/em><\/span><\/p>\n<audio class=\"wp-audio-shortcode\" id=\"audio-2448-1\" preload=\"none\" style=\"width: 100%;\" controls=\"controls\"><source type=\"audio\/wav\" src=\"https:\/\/magdelstube.de\/wp-content\/uploads\/2021\/05\/516285__dobroide__20200423-kestrel-02.wav?_=1\" \/><a href=\"https:\/\/magdelstube.de\/wp-content\/uploads\/2021\/05\/516285__dobroide__20200423-kestrel-02.wav\">https:\/\/magdelstube.de\/wp-content\/uploads\/2021\/05\/516285__dobroide__20200423-kestrel-02.wav<\/a><\/audio>\n<pre><em>(Ton Quelle: freesounds.org\/dobroide)<\/em><\/pre>\n<p style=\"text-align: justify;\">Turmfalken gehen Partnerschaften ein. Sie bleiben mit einer Partnerin bzw. einem Partner verbunden und beziehen h\u00e4ufig alte Nistpl\u00e4tze erneut. In st\u00e4dtischen Bereichen finden Sie f\u00fcr diese viele Nischen. \u201eEr hei\u00dft ja nicht umsonst Turmfalke.\u00a0Er br\u00fctet vorwiegend in Felsduplikaten. Allerdings nicht nur. Er ist auch da relativ breit aufgestellt.\u00a0Der Turmfalke br\u00fctet auch in alten Kr\u00e4hennestern, oder auch Nistk\u00e4sten, die gro\u00df genug sind\u201c, meint Herr Nickel. K\u00fcnstliche Nisthilfen seien eine gute <span class='hurraki_tooltip' data-title='Idee' style='border-bottom:2px dotted #888;'>Idee<\/span>, das gelte ganz pauschal f\u00fcr alle Vogelarten. Nisthilfen aufzustellen seien auch eine gute M\u00f6glichkeit f\u00fcr Menschen, um sich mit der Thematik um V\u00f6gel im urbanen Raum zu besch\u00e4ftigen.<\/p>\n<p><em><span style=\"color: #808080;\">Ein Turmfalken Weibchen sitzt im Geb\u00e4lk eines Hauses in Jena S\u00fcd. Anders als bei den M\u00e4nnchen, zieht sich die Braune F\u00e4rbung auch \u00fcber den Kopf weiter.<\/span><\/em><\/p>\n<p><a href=\"https:\/\/magdelstube.de\/wp-content\/uploads\/2021\/05\/Falke03.jpg\"><img loading=\"lazy\" decoding=\"async\" class=\"aligncenter wp-image-2497 size-large\" src=\"https:\/\/magdelstube.de\/wp-content\/uploads\/2021\/05\/Falke03-1024x576.jpg\" alt=\"\" width=\"1024\" height=\"576\" srcset=\"https:\/\/magdelstube.de\/wp-content\/uploads\/2021\/05\/Falke03-1024x576.jpg 1024w, https:\/\/magdelstube.de\/wp-content\/uploads\/2021\/05\/Falke03-300x169.jpg 300w, https:\/\/magdelstube.de\/wp-content\/uploads\/2021\/05\/Falke03-768x432.jpg 768w, https:\/\/magdelstube.de\/wp-content\/uploads\/2021\/05\/Falke03-1536x864.jpg 1536w, https:\/\/magdelstube.de\/wp-content\/uploads\/2021\/05\/Falke03-1110x624.jpg 1110w, https:\/\/magdelstube.de\/wp-content\/uploads\/2021\/05\/Falke03-528x297.jpg 528w, https:\/\/magdelstube.de\/wp-content\/uploads\/2021\/05\/Falke03.jpg 1570w\" sizes=\"auto, (max-width: 1024px) 100vw, 1024px\" \/><\/a><\/p>\n<p style=\"text-align: justify;\">Der Turmfalke hei\u00dft nicht umsonst Turmfalke. In st\u00e4dtischen Bereichen findet er Nischen zum Nisten und auch genug <span class='hurraki_tooltip' data-title='Nahrung' style='border-bottom:2px dotted #888;'>Nahrung<\/span>, \u00fcberwiegend in Form von M\u00e4usen.<\/p>\n<p style=\"text-align: justify;\">Als Nahrung bevorzugen Turmfalken kleine Nagetiere, wie W\u00fchlm\u00e4use. Diese finden sie in Jena auf unbebauten und unversiegelten Gebieten, sogenannten <em>Ruderalfl\u00e4chen<\/em>, zahlreich genug. \u201eWenn diese Fl\u00e4chen weg sind, dann hat auch der\u00a0Turmfalke keine\u00a0Nahrung mehr, dann wird er die Stadt verlassen du muss dann irgendwo anders hingehen.\u201c\u00a0Ihr Nahrungsspektrum reicht allerdings sehr viel weiter. Neben M\u00e4usen als Hauptnahrung nehmen Falken im Grunde <span class='hurraki_tooltip' data-title='alles' style='border-bottom:2px dotted #888;'>alles<\/span>, was sie erwischen k\u00f6nnen: Eidechsen, Regenw\u00fcrmer, gr\u00f6\u00dfere Fluginsekten und in seltenen F\u00e4llen V\u00f6gel. Noch seltener gibt es Dokumentierte F\u00e4lle von Flederm\u00e4usen. So tragen Turmfalken zu einer ausgewogenen Artenvielfalt bei. Den Begriff \u201eSch\u00e4dling\u201c, m\u00f6chte Herr Nickel nicht gerne verwenden. \u201eSch\u00e4dling\u201d ist ja ein Begriff, der sich ausschlie\u00dflich auf uns bezieht, auf den Menschen. Eben weil er uns nicht als Nahrung f\u00fcr uns gef\u00e4llt oder was auch immer f\u00fcr Sch\u00e4den anrichtet. Aber\u00a0in der Natur gibt es keinen Sch\u00e4dling.\u201c<\/p>\n<p><span style=\"color: #808080;\"><em>Das M\u00e4nnchen bringt der Brut, die in einem Blumentopf auf einer Fensterbank in Jena S\u00fcd nisten, eine Maus.<\/em><\/span><\/p>\n<div id=\"wpfp_0f537ee471c958276ce9d199c836662a\" data-item=\"{&quot;sources&quot;:[{&quot;src&quot;:&quot;https:\\\/\\\/magdelstube.de\\\/wp-content\\\/uploads\\\/2021\\\/05\\\/VIDEO-2020-06-09-22-37-33.mp4&quot;,&quot;type&quot;:&quot;video\\\/mp4&quot;}],&quot;id&quot;:&quot;9&quot;}\" class=\"flowplayer no-brand is-splash is-paused skin-slim no-svg fp-slim fp-edgy\" data-fv-embed=\"https:\/\/www.magdelstube.de\/en\/turmfalken-in-der-nachbarschaft\/fvp-9\/\" style=\"position:relative; max-width: 640px; max-height: 360px; \" data-ratio=\"0.5625\">\n\t<div class=\"fp-ratio\" style=\"padding-top: 56.25%\"><\/div>\n\t<div class=\"fp-ui\"><noscript>Please enable JavaScript<\/noscript><div class=\"fp-play fp-visible\"><svg class=\"fp-play-sharp-fill\" xmlns=\"http:\/\/www.w3.org\/2000\/svg\" viewBox=\"0 0 100 100\"><defs><style>.fp-color-play{opacity:0.65;}.controlbutton{fill:#fff;}<\/style><\/defs><title>play-sharp-fill<\/title><path class=\"fp-color-play\" d=\"M49.9217-.078a50,50,0,1,0,50,50A50.0564,50.0564,0,0,0,49.9217-.078Z\"\/><polygon class=\"controlbutton\" points=\"73.601 50 37.968 70.573 37.968 29.427 73.601 50\" filter=\"url(#f1)\"\/><\/svg><\/div><div class=\"fp-preload\"><b><\/b><b><\/b><b><\/b><b><\/b><\/div><\/div>\n<div class='fvp-share-bar'><ul class=\"fvp-sharing\">\r\n    <li><a class=\"sharing-facebook\" href=\"https:\/\/www.facebook.com\/sharer\/sharer.php?u=https%3A%2F%2Fwww.magdelstube.de%2Fen%2Fturmfalken-in-der-nachbarschaft%2F\" target=\"_blank\"><\/a><\/li>\r\n    <li><a class=\"sharing-twitter\" href=\"https:\/\/twitter.com\/intent\/tweet?text=MAGDELSTUBE+&url=https%3A%2F%2Fwww.magdelstube.de%2Fen%2Fturmfalken-in-der-nachbarschaft%2F\" target=\"_blank\"><\/a><\/li>\r\n    <li><a class=\"sharing-email\" href=\"mailto:?body=Check%20out%20the%20amazing%20video%20here%3A%20https%3A%2F%2Fwww.magdelstube.de%2Fen%2Fturmfalken-in-der-nachbarschaft%2F\" target=\"_blank\"><\/a><\/li><\/ul><div><a class=\"sharing-link\" href=\"https:\/\/www.magdelstube.de\/en\/turmfalken-in-der-nachbarschaft\/\" target=\"_blank\">Link<\/a><\/div><div><label><a class=\"embed-code-toggle\" href=\"#\"><strong>Embed<\/strong><\/a><\/label><\/div><div class=\"embed-code\"><label><span class='hurraki_tooltip' data-title='Copy and paste' style='border-bottom:2px dotted #888;'>Copy and paste<\/span> this HTML code into your webpage to embed.<\/label><textarea><\/textarea><\/div><\/div>\n<\/div>\n\n<p style=\"text-align: justify;\">Menschen, die pl\u00f6tzlich Turmfalken in ihrer Nachbarschaft auf dem Fensterbrett haben, m\u00fcssen sich \u00fcbrigens keine Sorgen machen und auch sonst nicht viel tun, man sollte sie \u201eEinfach machen lassen, sich dran freuen, gucken was passiert.\u201c Im Zweifel kann dar\u00fcber nachgedacht werden, ob Anlagen, die die Tiere nutzen noch abgesichert werden, falls diese zum Beispiel nicht sehr stabil sind. Wer kann sollte f\u00fcr dieses Erlebnis vielleicht in Kauf nehmen, den eigenen Balkon eine Weile nicht zu betreten.<\/p>\n<p style=\"text-align: justify;\">Menschen, die so zuf\u00e4llig einen Einblick in die Brutzeit bekommen k\u00f6nnen, werden m\u00f6glicherweise beobachten, wie das Weibchen im Abstand von zwei Tagen bis zu sechs Eier legt. Sobald das <span class='hurraki_tooltip' data-title='letzte' style='border-bottom:2px dotted #888;'>letzte<\/span> Ei gelegt ist, geht das Weibchen in die Brut und wird nun vom M\u00e4nnchen versorgt. Nach etwa einem Monat schl\u00fcpfen die Jungtiere und werden nun von beiden Elterntieren mit Nahrung versorgt. Je nach Witterung hurtelt das Weibchen die Jungfalken und w\u00e4rmt sie. Nach etwa vier Wochen sind sie bereit auszufliegen.<\/p>\n<p><span style=\"color: #808080;\"><em>Dieses Weibchen br\u00fctet hier im April 2020 ihre Eier aus. Ein Blumentopf wurde kurzerhand zur Nisthilfe ausgew\u00e4hlt. Der Standort scheint zu gefallen, das Paar ist auch in diesem Jahr bei der Nisthilfe geblieben.<\/em><\/span><\/p>\n<p>[twenty20 img1=&#8221;2482&#8243; img2=&#8221;2480&#8243; width=&#8221;75%&#8221; offset=&#8221;0.8&#8243; align=&#8221;center&#8221;]<\/p>\n<p style=\"text-align: justify;\">Die genaue Anzahl der Turmfalken in Jena kann auch Herr Nickel mit seinem Kollegen nur Sch\u00e4tzen: \u201eEs gibt eine ganze Reihe Standorte, die ich kenne. Es gibt aber auch ein paar Ecken wo ich es nur so ungef\u00e4hr wei\u00df und ich habe dann noch vor ein paar Tagen mit einem Bekannten gesprochen, der sich auch sehr gut auskennt. Da sind wir auf ungef\u00e4hr 50 Paare gekommen, etwa in der Gr\u00f6\u00dfenordnung. Das ist schon ein ziemlich guter Bestand.\u201c<\/p>\n<p style=\"text-align: justify;\">Was denkt Herr Nickel zu Nistk\u00e4sten f\u00fcr Turmfalken? &#8220;Immer machen!&#8221;. Nistk\u00e4sten sind immer einer gute Idee, um Turmfalken, aber auch andere Arten zu unterst\u00fctzen. Nicht nur f\u00fcr die Turmfalken, denn die Auseinandersetzung \u00fcber das Aufh\u00e4ngen von Nistk\u00e4sten hat auch auf Menschen positive Auswirkungen.<\/p>\n<p><a href=\"https:\/\/magdelstube.de\/wp-content\/uploads\/2021\/03\/Rotkehlchen-e1616659587761.jpg\"><img loading=\"lazy\" decoding=\"async\" class=\"alignright wp-image-2315 size-medium\" src=\"https:\/\/magdelstube.de\/wp-content\/uploads\/2021\/03\/Rotkehlchen-e1616659587761-300x294.jpg\" alt=\"\" width=\"300\" height=\"294\" srcset=\"https:\/\/magdelstube.de\/wp-content\/uploads\/2021\/03\/Rotkehlchen-e1616659587761-300x294.jpg 300w, https:\/\/magdelstube.de\/wp-content\/uploads\/2021\/03\/Rotkehlchen-e1616659587761-1024x1004.jpg 1024w, https:\/\/magdelstube.de\/wp-content\/uploads\/2021\/03\/Rotkehlchen-e1616659587761-768x753.jpg 768w, https:\/\/magdelstube.de\/wp-content\/uploads\/2021\/03\/Rotkehlchen-e1616659587761.jpg 1255w\" sizes=\"auto, (max-width: 300px) 100vw, 300px\" \/><\/a><\/p>\n<p style=\"text-align: right;\"><em><span style=\"color: #808080;\">\u00dcbrigens: Dieses Jahr ist das Rotkehlchen Vogel des Jahres. Dieser Titel wurde zum ersten Mal durch eine Wahl bestimmt, an der alle interessierten Laien teilnehmen konnten.<\/span><\/em><\/p>\n<p style=\"text-align: justify; padding-left: 80px;\"><strong><span style=\"color: #333399;\"><em>Th\u00fcringer Ornithologen e.V.<\/em><\/span><\/strong><\/p>\n<p style=\"text-align: justify; padding-left: 80px;\"><span style=\"color: #333399;\"><em>Die Hauptbesch\u00e4ftigung des Vereins besteht in der fl\u00e4chendeckenden, Th\u00fcringen weiten Erfassung von Vogelarten und deren Vorkommen. Der Verein organisiert Ornithologen*innen und bringt diese Zusammen, um in Th\u00fcringen auf bestimmten Fl\u00e4chen die dort vorkommenden Vogelarten zu erfassen und zu Kartieren. Entsprechend besteht der gr\u00f6\u00dfte Teil der 250 Mitglieder aus Kartiererinnen und Kartierer.\u00a0 Dar\u00fcber hinaus bringt der Verein zwei Zeitschriften heraus und stellt den J\u00e4hrlichen ornithologischen Jahresbericht zusammen. Voraussetzungen f\u00fcr eine Mitgliedschaft gibt es nicht, es reicht das pure Interesse an der Ornithologie. Wer auf den Geschmack gekommen ist, kann sich unter <a style=\"color: #333399;\" href=\"http:\/\/www.ornithologen-thueringen.de\/\">http:\/\/www.ornithologen-thueringen.de\/<\/a> weiter informieren.<\/em><\/span><\/p>\n","protected":false},"excerpt":{"rendered":"<p>Die Magdelstube m\u00f6chte aufzeigen, wie gesellschaftliche Teilhabe und Freizeitgestaltung auch unkommerziell gehen kann. Eine T\u00e4tigkeit, die au\u00dfer ein bisschen Zeit eigentlich nichts weiter ben\u00f6tigt, ist die Vogelbeobachtung. Das geht in Jena auch direkt vor der Haust\u00fcr. Viele V\u00f6gel sind in<\/p>\n","protected":false},"author":1,"featured_media":0,"parent":0,"menu_order":0,"comment_status":"closed","ping_status":"closed","template":"","meta":{"footnotes":""},"class_list":["post-2448","page","type-page","status-publish","hentry"],"translation":{"provider":"WPGlobus","version":"3.0.2","language":"en","enabled_languages":["de","en"],"languages":{"de":{"title":true,"content":true,"excerpt":false},"en":{"title":false,"content":false,"excerpt":false}}},"_links":{"self":[{"href":"https:\/\/www.magdelstube.de\/en\/wp-json\/wp\/v2\/pages\/2448","targetHints":{"allow":["GET"]}}],"collection":[{"href":"https:\/\/www.magdelstube.de\/en\/wp-json\/wp\/v2\/pages"}],"about":[{"href":"https:\/\/www.magdelstube.de\/en\/wp-json\/wp\/v2\/types\/page"}],"author":[{"embeddable":true,"href":"https:\/\/www.magdelstube.de\/en\/wp-json\/wp\/v2\/users\/1"}],"replies":[{"embeddable":true,"href":"https:\/\/www.magdelstube.de\/en\/wp-json\/wp\/v2\/comments?post=2448"}],"version-history":[{"count":36,"href":"https:\/\/www.magdelstube.de\/en\/wp-json\/wp\/v2\/pages\/2448\/revisions"}],"predecessor-version":[{"id":2506,"href":"https:\/\/www.magdelstube.de\/en\/wp-json\/wp\/v2\/pages\/2448\/revisions\/2506"}],"wp:attachment":[{"href":"https:\/\/www.magdelstube.de\/en\/wp-json\/wp\/v2\/media?parent=2448"}],"curies":[{"name":"wp","href":"https:\/\/api.w.org\/{rel}","templated":true}]}}