{"id":2622,"date":"2021-06-30T20:05:09","date_gmt":"2021-06-30T18:05:09","guid":{"rendered":"https:\/\/m23.uber.space\/?page_id=2622"},"modified":"2021-07-31T03:47:39","modified_gmt":"2021-07-31T01:47:39","slug":"leerstandsmelder-infos","status":"publish","type":"page","link":"https:\/\/www.magdelstube.de\/en\/leerstandsmelder-infos\/","title":{"rendered":"Leerstandsmelder Infos"},"content":{"rendered":"<h4 class=\"moz-quote-pre\">Leere Wohnungen gesucht &#8211; Wohnen ist kein Privileg, sondern ein Menschenrecht!<\/h4>\n<p>In Jena leben aktuell (Stand Dezember 2020) \u00fcber 300 Menschen in Gemeinschaftsunterk\u00fcnften. Viele von ihnen auch \u00fcber einen langen Zeitraum. Die Zust\u00e4nde in diesen Gemeinschaftsunterk\u00fcnften sind h\u00e4ufig <span class='hurraki_tooltip' data-title='skandal' style='border-bottom:2px dotted #888;'>skandal<\/span>\u00f6s: enger Raum, schlechte hygienische Zust\u00e4nde, fehlende <span class='hurraki_tooltip' data-title='Privatsph\u00e4re' style='border-bottom:2px dotted #888;'>Privatsph\u00e4re<\/span> und viele Gemeinschaftsr\u00e4ume (Toiletten, B\u00e4der, K\u00fcchen).<\/p>\n<p>Insbesondere f\u00fcr Familien ist diese Situation schwer ertr\u00e4glich. Es sind Umgebungen, die sich Menschen nicht ausgesucht haben, und Wohnumst\u00e4nde, die nicht menschenw\u00fcrdig sind! Dabei stehen vielen der Menschen auch unter aktuellen rechtlichen Bedingungen, weil sie einen Aufenthaltstitel haben, eine eigene <span class='hurraki_tooltip' data-title='Wohnung' style='border-bottom:2px dotted #888;'>Wohnung<\/span> zu. Wohnungen sind in Jena knapp und die Wohnungssuche gestaltet sich oft schwierig und langwierig.<\/p>\n<p>F\u00fcr Menschen, die aufgrund von <span class='hurraki_tooltip' data-title='Rassismus' style='border-bottom:2px dotted #888;'>Rassismus<\/span> und <span class='hurraki_tooltip' data-title='Diskriminierung' style='border-bottom:2px dotted #888;'>Diskriminierung<\/span> am Wohnungsmarkt ohnehin benachteiligt werden und\/oder \u00f6konomisch beteiligt sind, ist es h\u00e4ufig nahezu unm\u00f6glich, eine angemessene Wohnung zu finden. Gegen diese Zust\u00e4nde wollen wir gemeinsam ank\u00e4mpfen!<\/p>\n","protected":false},"excerpt":{"rendered":"<p>Leere Wohnungen gesucht &#8211; Wohnen ist kein Privileg, sondern ein Menschenrecht! In Jena leben aktuell (Stand Dezember 2020) \u00fcber 300 Menschen in Gemeinschaftsunterk\u00fcnften. Viele von ihnen auch \u00fcber einen langen Zeitraum. Die Zust\u00e4nde in diesen Gemeinschaftsunterk\u00fcnften sind h\u00e4ufig skandal\u00f6s: enger<\/p>\n","protected":false},"author":1,"featured_media":0,"parent":0,"menu_order":0,"comment_status":"closed","ping_status":"closed","template":"","meta":{"footnotes":""},"class_list":["post-2622","page","type-page","status-publish","hentry"],"translation":{"provider":"WPGlobus","version":"3.0.2","language":"en","enabled_languages":["de","en"],"languages":{"de":{"title":true,"content":true,"excerpt":false},"en":{"title":false,"content":false,"excerpt":false}}},"_links":{"self":[{"href":"https:\/\/www.magdelstube.de\/en\/wp-json\/wp\/v2\/pages\/2622","targetHints":{"allow":["GET"]}}],"collection":[{"href":"https:\/\/www.magdelstube.de\/en\/wp-json\/wp\/v2\/pages"}],"about":[{"href":"https:\/\/www.magdelstube.de\/en\/wp-json\/wp\/v2\/types\/page"}],"author":[{"embeddable":true,"href":"https:\/\/www.magdelstube.de\/en\/wp-json\/wp\/v2\/users\/1"}],"replies":[{"embeddable":true,"href":"https:\/\/www.magdelstube.de\/en\/wp-json\/wp\/v2\/comments?post=2622"}],"version-history":[{"count":2,"href":"https:\/\/www.magdelstube.de\/en\/wp-json\/wp\/v2\/pages\/2622\/revisions"}],"predecessor-version":[{"id":2987,"href":"https:\/\/www.magdelstube.de\/en\/wp-json\/wp\/v2\/pages\/2622\/revisions\/2987"}],"wp:attachment":[{"href":"https:\/\/www.magdelstube.de\/en\/wp-json\/wp\/v2\/media?parent=2622"}],"curies":[{"name":"wp","href":"https:\/\/api.w.org\/{rel}","templated":true}]}}