{"id":2669,"date":"2021-07-31T02:14:28","date_gmt":"2021-07-31T00:14:28","guid":{"rendered":"https:\/\/m23.uber.space\/?page_id=2669"},"modified":"2021-08-02T10:43:38","modified_gmt":"2021-08-02T08:43:38","slug":"stadtteil","status":"publish","type":"page","link":"https:\/\/www.magdelstube.de\/en\/stadtteil\/","title":{"rendered":"Stadtteil"},"content":{"rendered":"<h1><\/h1>\r\n<h1>Magdelstube und Jena S\u00fcd<\/h1>\r\nIn dem Bereich <strong>Stadtteil\u00a0<\/strong>findest Du Informationen zu Aktionen der Magdelstube mit Stadtteil-Bezug.\r\n<!-- \/wp:post-content -->\r\n\r\n\/\/ <a href=\"https:\/\/m23.uber.space\/leerstandsmelder\/\">Leerstandsmelder f\u00fcr Jena S\u00fcd<\/a> &#8211; Wohnen ist ein Menschenrecht!\r\n\r\n\/\/ <a href=\"https:\/\/m23.uber.space\/solidaritaet-in-zeiten-von-corona\/\">Corona &amp; <span class='hurraki_tooltip' data-title='Solidarit\u00e4t' style='border-bottom:2px dotted #888;'>Solidarit\u00e4t<\/span>\u00a0<\/a>\r\n\r\nAktuelle Informationen aus der <span class='hurraki_tooltip' data-title='Presse' style='border-bottom:2px dotted #888;'>Presse<\/span> zu Jena S\u00fcd h\u00e4ngen wir regelm\u00e4\u00dfig ins Schaufenster.\r\n\r\n&nbsp;\r\n\r\n<figure id=\"attachment_2915\" aria-describedby=\"caption-attachment-2915\" style=\"width: 2312px\" class=\"wp-caption alignnone\"><img loading=\"lazy\" decoding=\"async\" class=\"wp-image-2915 size-full\" src=\"https:\/\/magdelstube.de\/wp-content\/uploads\/2021\/08\/2312-768-max.jpg\" alt=\"Selbst gebastelte Wandkarte vom S\u00fcdviertel Jena mit aufgeklebten H\u00e4usern und anderen Orten in Jena S\u00fcd - eine Stadtteilkarte zum Mitmachen\" width=\"2312\" height=\"768\" srcset=\"https:\/\/magdelstube.de\/wp-content\/uploads\/2021\/08\/2312-768-max.jpg 2312w, https:\/\/magdelstube.de\/wp-content\/uploads\/2021\/08\/2312-768-max-300x100.jpg 300w, https:\/\/magdelstube.de\/wp-content\/uploads\/2021\/08\/2312-768-max-1024x340.jpg 1024w, https:\/\/magdelstube.de\/wp-content\/uploads\/2021\/08\/2312-768-max-768x255.jpg 768w, https:\/\/magdelstube.de\/wp-content\/uploads\/2021\/08\/2312-768-max-1536x510.jpg 1536w, https:\/\/magdelstube.de\/wp-content\/uploads\/2021\/08\/2312-768-max-2048x680.jpg 2048w\" sizes=\"auto, (max-width: 2312px) 100vw, 2312px\" \/><figcaption id=\"caption-attachment-2915\" class=\"wp-caption-text\">Diese tolle Stadtteilkarte h\u00e4ngt in der Magdelstube und freut sich \u00fcber noch mehr Bilder!<\/figcaption><\/figure><!-- \/wp:freeform -->","protected":false},"excerpt":{"rendered":"<p>Magdelstube und Jena S\u00fcd In dem Bereich Stadtteil\u00a0findest Du Informationen zu Aktionen der Magdelstube mit Stadtteil-Bezug. \/\/ Leerstandsmelder f\u00fcr Jena S\u00fcd &#8211; Wohnen ist ein Menschenrecht! \/\/ Corona &amp; Solidarit\u00e4t\u00a0 Aktuelle Informationen aus der Presse zu Jena S\u00fcd h\u00e4ngen wir<\/p>\n","protected":false},"author":1,"featured_media":0,"parent":0,"menu_order":0,"comment_status":"closed","ping_status":"closed","template":"page-templates\/page-builder.php","meta":{"footnotes":""},"class_list":["post-2669","page","type-page","status-publish","hentry"],"translation":{"provider":"WPGlobus","version":"3.0.2","language":"en","enabled_languages":["de","en"],"languages":{"de":{"title":true,"content":true,"excerpt":false},"en":{"title":false,"content":false,"excerpt":false}}},"_links":{"self":[{"href":"https:\/\/www.magdelstube.de\/en\/wp-json\/wp\/v2\/pages\/2669","targetHints":{"allow":["GET"]}}],"collection":[{"href":"https:\/\/www.magdelstube.de\/en\/wp-json\/wp\/v2\/pages"}],"about":[{"href":"https:\/\/www.magdelstube.de\/en\/wp-json\/wp\/v2\/types\/page"}],"author":[{"embeddable":true,"href":"https:\/\/www.magdelstube.de\/en\/wp-json\/wp\/v2\/users\/1"}],"replies":[{"embeddable":true,"href":"https:\/\/www.magdelstube.de\/en\/wp-json\/wp\/v2\/comments?post=2669"}],"version-history":[{"count":13,"href":"https:\/\/www.magdelstube.de\/en\/wp-json\/wp\/v2\/pages\/2669\/revisions"}],"predecessor-version":[{"id":2751,"href":"https:\/\/www.magdelstube.de\/en\/wp-json\/wp\/v2\/pages\/2669\/revisions\/2751"}],"wp:attachment":[{"href":"https:\/\/www.magdelstube.de\/en\/wp-json\/wp\/v2\/media?parent=2669"}],"curies":[{"name":"wp","href":"https:\/\/api.w.org\/{rel}","templated":true}]}}