{"id":3184,"date":"2021-10-31T14:48:27","date_gmt":"2021-10-31T13:48:27","guid":{"rendered":"https:\/\/www.magdelstube.de\/?page_id=3184"},"modified":"2021-12-12T14:51:03","modified_gmt":"2021-12-12T13:51:03","slug":"das-bauprojekt-zeiss-hightech-standort-in-jena-sued","status":"publish","type":"page","link":"https:\/\/www.magdelstube.de\/en\/stadtteilzeitung\/stadtteilzeitung-ausgabe-3\/das-bauprojekt-zeiss-hightech-standort-in-jena-sued\/","title":{"rendered":"Das Bauprojekt ZEISS Hightech-Standort in Jena S\u00fcd"},"content":{"rendered":"<h1 style=\"font-family: Arial;\">Erg\u00e4nzungen zu &#8220;<strong>Dicke <span class='hurraki_tooltip' data-title='Luft' style='border-bottom:2px dotted #888;'>Luft<\/span> um die Baustelle&#8221;<\/strong><\/h1>\n<h2 style=\"font-family: Arial;\">Fragen an Zeiss und die Stadt<\/h2>\n<p style=\"font-family: Arial;\">F\u00fcr unseren <span class='hurraki_tooltip' data-title='Artikel' style='border-bottom:2px dotted #888;'>Artikel<\/span> in der <a href=\"https:\/\/www.magdelstube.de\/stadtteilzeitung\/stadtteilzeitung-ausgabe-3\/\">Stadtteilzeitung Ausgabe #3<\/a> haben wir viel mehr recherchiert und gepr\u00fcft, als wir in dem kurzen Artikel auflisten konnten. Auf dieser Seite haben wir einige Informationen und Dokumente zusammengetragen, die den Artikel f\u00fcr alle interessierten erg\u00e4nzt und uns die M\u00f6glichkeit gibt auch in <span class='hurraki_tooltip' data-title='Zukunft' style='border-bottom:2px dotted #888;'>Zukunft<\/span> mehr beizutragen.<\/p>\n<div>\n<p><a href=\"https:\/\/magdelstube.de\/wp-content\/uploads\/2021\/10\/2021_10_Fragen-an-Zeiss-und-Stadt-Jena-zur-Zeiss-Grossbaustelle-1.pdf\" target=\"_blank\" rel=\"noopener\"><img loading=\"lazy\" decoding=\"async\" class=\"https:\/\/magdelstube.de\/wp-content\/uploads\/2021\/10\/2021_10_Fragen-an-Zeiss-und-Stadt-Jena-zur-Zeiss-Grossbaustelle-1.pdf alignleft\" src=\"https:\/\/magdelstube.de\/wp-content\/uploads\/2021\/10\/Fragenliste-150x150.png\" alt=\"\" width=\"110\" height=\"110\" border=\"0.5px\" \/><\/a><\/p>\n<p style=\"font-family: Arial;\"><span style=\"font-family: Arial;\">Im Zuge unserer Recherchen haben wir dem Dezernat f\u00fcr Stadtentwicklung und Umwelt &#8211; speziell dem <\/span><em style=\"font-family: Arial;\">Bereich Bodenschutz und Altlasten<\/em><span style=\"font-family: Arial;\"> und dem Bereich\u00a0<\/span><em><span style=\"font-family: Arial;\">Immissionsschutz\u00a0<\/span><\/em><span style=\"font-family: Arial;\">&#8211; sowie der Zeiss Group einige Fragen zur Gro\u00dfbaustelle zukommen lassen. Das Ziel war es, Fragen aus der Nachbarschaft gesammelt beantworten zu lassen und die Bauleitung der Baustelle auf die Sorgen der Menschen aufmerksam zu machen.<\/span><\/p>\n<\/div>\n<div>\n<p><a href=\"https:\/\/magdelstube.de\/wp-content\/uploads\/2021\/12\/Handout-von-Zeiss.pdf\" target=\"_blank\" rel=\"noopener\"><img loading=\"lazy\" decoding=\"async\" class=\"https:\/\/magdelstube.de\/wp-content\/uploads\/2021\/10\/2021_10_Fragen-an-Zeiss-und-Stadt-Jena-zur-Zeiss-Grossbaustelle-1.pdf alignright\" src=\"https:\/\/magdelstube.de\/wp-content\/uploads\/2021\/10\/Statement-Zeiss-150x150.png\" alt=\"\" width=\"110\" height=\"110\" border=\"0.5px\" \/><\/a><\/p>\n<p style=\"font-family: Arial;\">Mit der Bauleitung der Gro\u00dfbaustelle, einer Vertreterin des B\u00fcrgerinformationsb\u00fcros in der Otto-Schott-Stra\u00dfe und einem Vertreter der Stadt aus dem Dezernat f\u00fcr Stadtentwicklung und Umwelt hatten wir einen <span class='hurraki_tooltip' data-title='Termin' style='border-bottom:2px dotted #888;'>Termin<\/span> vor Ort, bei dem wir einige Fragen beantwortet bekommen haben. Viele blieben allerdings auch offen. Neben den Statements, die wir in unseren Artikel in Ausgabe #3 der Stadteilzeitung haben einflie\u00dfen lassen, bekamen wir ein Handout, das wir euch hier zur Verf\u00fcgung stellen (Einfach auf das Bild klicken f\u00fcr das PDF)<\/p>\n<\/div>\n<p>Aktuell gibt es noch einige ungekl\u00e4rte Fragen bez\u00fcglich der Schadstoffbelastung in der Luft. Dies gilt ganz unabh\u00e4ngig von der Baustelle von Zeiss. Wir standen auch mit dem TH\u00dcRINGER LANDESAMT F\u00dcR UMWELT, BERGBAU UND NATURSCHUTZ in Verbindung, das uns auf unsere Frage, ob bei einer Baustelle wie der hier beschriebenen eine kontinuierliche Luftqualit\u00e4tsmessung seitens der Baustellen BetreiberInnen Vorgeschrieben oder angeraten w\u00e4re keine Antwort geben konnte oder wollte und lediglich an das Umweltamt in Jena verwies. Auch hier konnte uns darauf nicht weiter geantwortet werden, als das die Baustellenbetreiber allen gesetzlichen Vorgaben gen\u00fcge Leisten. Staubmessungen oder die Untersuchung des Staubs auf Schadstoffgehalt wird durch das <span class='hurraki_tooltip' data-title='Gesetz' style='border-bottom:2px dotted #888;'>Gesetz<\/span> nicht verlangt. Das Bodenmaterial auf der Baustelle wird durch ein Ingenieurb\u00fcro in Jena Begutachtet und regelm\u00e4\u00dfig Proben entnommen. Da die Belastungsgrenzwerte nicht \u00fcberschritten werden, geht das Umweltamt davon aus, das auch die Luftbelastung nicht zu beanstanden sein wird. Allerdings sind Grenzwerte lediglich f\u00fcr den Boden in Industriegebieten der relevante Vergleichswert. Was aber, Staub in sensiblere Gebiete, wie anliegende Wohngebiete oder gar den Fichteplatz Spielplatz gelangen? Erfahrungen mit Staub in der Luft haben die Menschen dort jedenfalls gemacht.<\/p>\n<div>\n<p><a href=\"https:\/\/magdelstube.de\/wp-content\/uploads\/2021\/12\/Feststoffanalyse.pdf\" target=\"_blank\" rel=\"noopener\"><img loading=\"lazy\" decoding=\"async\" class=\"https:\/\/magdelstube.de\/wp-content\/uploads\/2021\/10\/2021_10_Fragen-an-Zeiss-und-Stadt-Jena-zur-Zeiss-Grossbaustelle-1.pdf alignleft\" src=\"https:\/\/magdelstube.de\/wp-content\/uploads\/2021\/10\/Labor-150x150.png\" alt=\"\" width=\"110\" height=\"110\" border=\"0.5px\" \/><\/a><\/p>\n<p style=\"font-family: Arial;\">Wir haben daher eine eigene Feststoffanalyse erstellen lassen. Von einem Wohnhaus in der Otto-Schott-Stra\u00dfe haben wir Staub von allen Fenstern gesammelt und eingesendet. Das Ergebnis findet sich links (klick auf das Bild): Mehrere Grenzwerte sind dort \u00dcberschritten worden. Allerdings m\u00fcssen wir hier einr\u00e4umen:<\/p>\n<ul>\n<li style=\"list-style-type: none;font-family: Arial;\">\n<ul>\n<li style=\"list-style-type: none;font-family: Arial;\">\n<ul>\n<li style=\"list-style-type: none;font-family: Arial;\">\n<ul>\n<li style=\"font-family: Arial;\">Wir k\u00f6nnen nicht sagen, \u00fcber welchen Zeitraum sich der Staub angesammelt hatten.<\/li>\n<li style=\"font-family: Arial;\">Wir k\u00f6nnen nicht Zweifelsfrei sagen, das der Staub von der Baustelle kommt.<\/li>\n<li style=\"font-family: Arial;\">Wir haben eine theoretische <span class='hurraki_tooltip' data-title='Hochrechnung' style='border-bottom:2px dotted #888;'>Hochrechnung<\/span> der Staubprobe auf einen Kubikmeter Luft vorgenommen, um eine Aussage treffen zu k\u00f6nnen, ob unsere Staubprobe, &#8220;gel\u00f6st&#8221; in Atemluft, Grenzwerte f\u00fcr das Einatmen \u00fcberschreitet. Unserer Rechnung nach war dies nicht der Fall. ABER: F\u00fcr Arsen gibt es, was das Einatmen betrifft keine Grenzwerte, da es ein Krebserregender Stoff ist und niemand sagen kann, ab wann er Krebsausl\u00f6send w\u00e4re.<\/li>\n<\/ul>\n<\/li>\n<\/ul>\n<\/li>\n<\/ul>\n<\/li>\n<\/ul>\n<\/div>\n","protected":false},"excerpt":{"rendered":"<p>Erg\u00e4nzungen zu &#8220;Dicke Luft um die Baustelle&#8221; Fragen an Zeiss und die Stadt F\u00fcr unseren Artikel in der Stadtteilzeitung Ausgabe #3 haben wir viel mehr recherchiert und gepr\u00fcft, als wir in dem kurzen Artikel auflisten konnten. Auf dieser Seite haben<\/p>\n","protected":false},"author":1,"featured_media":3191,"parent":3257,"menu_order":0,"comment_status":"closed","ping_status":"closed","template":"","meta":{"footnotes":""},"class_list":["post-3184","page","type-page","status-publish","has-post-thumbnail","hentry"],"translation":{"provider":"WPGlobus","version":"3.0.2","language":"en","enabled_languages":["de","en"],"languages":{"de":{"title":true,"content":true,"excerpt":false},"en":{"title":false,"content":false,"excerpt":false}}},"_links":{"self":[{"href":"https:\/\/www.magdelstube.de\/en\/wp-json\/wp\/v2\/pages\/3184","targetHints":{"allow":["GET"]}}],"collection":[{"href":"https:\/\/www.magdelstube.de\/en\/wp-json\/wp\/v2\/pages"}],"about":[{"href":"https:\/\/www.magdelstube.de\/en\/wp-json\/wp\/v2\/types\/page"}],"author":[{"embeddable":true,"href":"https:\/\/www.magdelstube.de\/en\/wp-json\/wp\/v2\/users\/1"}],"replies":[{"embeddable":true,"href":"https:\/\/www.magdelstube.de\/en\/wp-json\/wp\/v2\/comments?post=3184"}],"version-history":[{"count":8,"href":"https:\/\/www.magdelstube.de\/en\/wp-json\/wp\/v2\/pages\/3184\/revisions"}],"predecessor-version":[{"id":3302,"href":"https:\/\/www.magdelstube.de\/en\/wp-json\/wp\/v2\/pages\/3184\/revisions\/3302"}],"up":[{"embeddable":true,"href":"https:\/\/www.magdelstube.de\/en\/wp-json\/wp\/v2\/pages\/3257"}],"wp:featuredmedia":[{"embeddable":true,"href":"https:\/\/www.magdelstube.de\/en\/wp-json\/wp\/v2\/media\/3191"}],"wp:attachment":[{"href":"https:\/\/www.magdelstube.de\/en\/wp-json\/wp\/v2\/media?parent=3184"}],"curies":[{"name":"wp","href":"https:\/\/api.w.org\/{rel}","templated":true}]}}