{"id":3257,"date":"2021-12-12T13:38:44","date_gmt":"2021-12-12T12:38:44","guid":{"rendered":"https:\/\/www.magdelstube.de\/?page_id=3257"},"modified":"2021-12-12T15:01:39","modified_gmt":"2021-12-12T14:01:39","slug":"stadtteilzeitung-ausgabe-3","status":"publish","type":"page","link":"https:\/\/www.magdelstube.de\/en\/stadtteilzeitung\/stadtteilzeitung-ausgabe-3\/","title":{"rendered":"Stadtteilzeitung Ausgabe #3"},"content":{"rendered":"<h1>Hier findet ihr Ausgabe #3 der Stadtteilzeitung zum herunterladen.<\/h1>\n<p><em>Einfach auf die Titelseite klicken.<\/em><\/p>\n<p><a href=\"https:\/\/magdelstube.de\/wp-content\/uploads\/2021\/12\/Stadtteilzeitung3_web.pdf\"><img loading=\"lazy\" decoding=\"async\" class=\"alignnone wp-image-2439\" style=\"font-family: Verdana, Geneva, sans-serif;\" src=\"https:\/\/magdelstube.de\/wp-content\/uploads\/2021\/12\/Stadtteilzeitung3_web-01-224x300.png\" alt=\"\" width=\"223\" height=\"323\" \/><\/a><\/p>\n<p><em>\u2666 Aufgepasst: Unten geht es sogar noch weiter.\u2666<\/em><\/p>\n<hr \/>\n<h2 style=\"text-align: left;\">Hier findet ihr <span class='hurraki_tooltip' data-title='Artikel' style='border-bottom:2px dotted #888;'>Artikel<\/span> und Texte aus Ausgabe #3 vorgelesen zum anh\u00f6ren. Einfach die Audios abspielen oder auf die Artikel klicken.<\/h2>\n<h2 style=\"text-align: left;\"><em>Titelseite<\/em><\/h2>\n<p><strong>&#8220;<span class='hurraki_tooltip' data-title='Liebe' style='border-bottom:2px dotted #888;'>Liebe<\/span> Leser*innen&#8230;&#8221; <\/strong><em>\u2022 Seite 1<\/em><\/p>\n<audio class=\"wp-audio-shortcode\" id=\"audio-3257-1\" preload=\"none\" style=\"width: 100%;\" controls=\"controls\"><source type=\"audio\/mpeg\" src=\"https:\/\/magdelstube.de\/wp-content\/uploads\/2021\/12\/2021_12_Stadtteilzeitung_Ausgabe-3_editorial_final.mp3?_=1\" \/><a href=\"https:\/\/magdelstube.de\/wp-content\/uploads\/2021\/12\/2021_12_Stadtteilzeitung_Ausgabe-3_editorial_final.mp3\">https:\/\/magdelstube.de\/wp-content\/uploads\/2021\/12\/2021_12_Stadtteilzeitung_Ausgabe-3_editorial_final.mp3<\/a><\/audio>\n<h2><em>Thema: Wohnen<\/em><\/h2>\n<p><strong>Genossenschaften: Eine <span class='hurraki_tooltip' data-title='Alternative' style='border-bottom:2px dotted #888;'>Alternative<\/span> zum gewinnorientierten Wohnungsmarkt<\/strong> <em>\u2022 Seite 2<\/em><\/p>\n<audio class=\"wp-audio-shortcode\" id=\"audio-3257-2\" preload=\"none\" style=\"width: 100%;\" controls=\"controls\"><source type=\"audio\/mpeg\" src=\"https:\/\/magdelstube.de\/wp-content\/uploads\/2021\/12\/Seite2_Genossenschaften.mp3?_=2\" \/><a href=\"https:\/\/magdelstube.de\/wp-content\/uploads\/2021\/12\/Seite2_Genossenschaften.mp3\">https:\/\/magdelstube.de\/wp-content\/uploads\/2021\/12\/Seite2_Genossenschaften.mp3<\/a><\/audio>\n<\/p>\n<p><strong>Wohnen ist kein Privileg, sondern ein Menschenrecht!<\/strong><em>\u2022 Seite 3<\/em><\/p>\n<audio class=\"wp-audio-shortcode\" id=\"audio-3257-3\" preload=\"none\" style=\"width: 100%;\" controls=\"controls\"><source type=\"audio\/mpeg\" src=\"https:\/\/magdelstube.de\/wp-content\/uploads\/2021\/12\/Seite3_Wohnen-ist-kein-Privileg.mp3?_=3\" \/><a href=\"https:\/\/magdelstube.de\/wp-content\/uploads\/2021\/12\/Seite3_Wohnen-ist-kein-Privileg.mp3\">https:\/\/magdelstube.de\/wp-content\/uploads\/2021\/12\/Seite3_Wohnen-ist-kein-Privileg.mp3<\/a><\/audio>\n<\/p>\n<p><strong>&#8220;Keine Rendite mit unserer Miete!&#8221;<\/strong> <em>\u2022 Seite 3<\/em><\/p>\n<audio class=\"wp-audio-shortcode\" id=\"audio-3257-4\" preload=\"none\" style=\"width: 100%;\" controls=\"controls\"><source type=\"audio\/mpeg\" src=\"https:\/\/magdelstube.de\/wp-content\/uploads\/2021\/12\/Seite3_Keine-Rendite-mit-unserer-Miete.mp3?_=4\" \/><a href=\"https:\/\/magdelstube.de\/wp-content\/uploads\/2021\/12\/Seite3_Keine-Rendite-mit-unserer-Miete.mp3\">https:\/\/magdelstube.de\/wp-content\/uploads\/2021\/12\/Seite3_Keine-Rendite-mit-unserer-Miete.mp3<\/a><\/audio>\n<\/p>\n<p><strong>Stimmen aus der Nachbarschaft &#8211; Wie wohnt es sich im S\u00fcdviertel?<\/strong> Wir haben euch gefragt, was ihr mit dem Wohnen im S\u00fcdviertel verbindet.<em>\u2022 Seite 4<\/em><\/p>\n<audio class=\"wp-audio-shortcode\" id=\"audio-3257-5\" preload=\"none\" style=\"width: 100%;\" controls=\"controls\"><source type=\"audio\/mpeg\" src=\"https:\/\/magdelstube.de\/wp-content\/uploads\/2021\/12\/2021_12_Stadtteilzeitung_Ausgabe-3_Stimmen-aus-der-nachbarschaft_final.mp3?_=5\" \/><a href=\"https:\/\/magdelstube.de\/wp-content\/uploads\/2021\/12\/2021_12_Stadtteilzeitung_Ausgabe-3_Stimmen-aus-der-nachbarschaft_final.mp3\">https:\/\/magdelstube.de\/wp-content\/uploads\/2021\/12\/2021_12_Stadtteilzeitung_Ausgabe-3_Stimmen-aus-der-nachbarschaft_final.mp3<\/a><\/audio>\n<\/p>\n<h2><em>Aus dem S\u00fcdviertel<\/em><\/h2>\n<\/p>\n<p><strong>Rechte Raumnahme im Kleingartenverein gescheitert<\/strong><em>\u2022 Seite 6<\/em><\/p>\n<audio class=\"wp-audio-shortcode\" id=\"audio-3257-6\" preload=\"none\" style=\"width: 100%;\" controls=\"controls\"><source type=\"audio\/mpeg\" src=\"https:\/\/magdelstube.de\/wp-content\/uploads\/2021\/12\/Seite6_Kleingartenverein.mp3?_=6\" \/><a href=\"https:\/\/magdelstube.de\/wp-content\/uploads\/2021\/12\/Seite6_Kleingartenverein.mp3\">https:\/\/magdelstube.de\/wp-content\/uploads\/2021\/12\/Seite6_Kleingartenverein.mp3<\/a><\/audio>\n<\/p>\n<p><a href=\"https:\/\/www.magdelstube.de\/stadtteilzeitung\/stadtteilzeitung-ausgabe-3\/das-bauprojekt-zeiss-hightech-standort-in-jena-sued\/\" target=\"_blank\" rel=\"noopener\"><b><strong>Dicke <span class='hurraki_tooltip' data-title='Luft' style='border-bottom:2px dotted #888;'>Luft<\/span> um die Baustelle<\/strong><\/b><\/a> <em>\u2022 Seite 7<\/em><\/p>\n<p><em>Auf den Titel klicken, um zum erg\u00e4nzenden Material zu gelangen<\/em><\/p>\n<audio class=\"wp-audio-shortcode\" id=\"audio-3257-7\" preload=\"none\" style=\"width: 100%;\" controls=\"controls\"><source type=\"audio\/mpeg\" src=\"https:\/\/magdelstube.de\/wp-content\/uploads\/2021\/12\/Seite7_Baustelle.mp3?_=7\" \/><a href=\"https:\/\/magdelstube.de\/wp-content\/uploads\/2021\/12\/Seite7_Baustelle.mp3\">https:\/\/magdelstube.de\/wp-content\/uploads\/2021\/12\/Seite7_Baustelle.mp3<\/a><\/audio>\n<\/p>\n<h2><em>Aus der Magdelstube<\/em><\/h2>\n<\/p>\n<p><strong>Ein solidarisches Netzwerk von und f\u00fcr Mieter*innen<\/strong><em>\u2022 Seite 8<\/em><\/p>\n<audio class=\"wp-audio-shortcode\" id=\"audio-3257-8\" preload=\"none\" style=\"width: 100%;\" controls=\"controls\"><source type=\"audio\/mpeg\" src=\"https:\/\/magdelstube.de\/wp-content\/uploads\/2021\/12\/Seite8_solidarisches-Netzwerk-von-und-fuer-Mieterinnen.mp3?_=8\" \/><a href=\"https:\/\/magdelstube.de\/wp-content\/uploads\/2021\/12\/Seite8_solidarisches-Netzwerk-von-und-fuer-Mieterinnen.mp3\">https:\/\/magdelstube.de\/wp-content\/uploads\/2021\/12\/Seite8_solidarisches-Netzwerk-von-und-fuer-Mieterinnen.mp3<\/a><\/audio>\n<\/p>\n<p><strong>Vom Feinkost zum Stadtteilladen<\/strong><em>\u2022 Seite 9<\/em><\/p>\n<audio class=\"wp-audio-shortcode\" id=\"audio-3257-9\" preload=\"none\" style=\"width: 100%;\" controls=\"controls\"><source type=\"audio\/mpeg\" src=\"https:\/\/magdelstube.de\/wp-content\/uploads\/2021\/12\/Seite9_Vom-Feinkost-zum-Stadtteilladen.mp3?_=9\" \/><a href=\"https:\/\/magdelstube.de\/wp-content\/uploads\/2021\/12\/Seite9_Vom-Feinkost-zum-Stadtteilladen.mp3\">https:\/\/magdelstube.de\/wp-content\/uploads\/2021\/12\/Seite9_Vom-Feinkost-zum-Stadtteilladen.mp3<\/a><\/audio>\n<\/p>\n<p><strong>Neuigkeiten aus der Magdelstube<\/strong><em>\u2022 Seite 9<\/em><\/p>\n<\/p>\n<p>Historischer Stadtteilspaziergang<\/p>\n<audio class=\"wp-audio-shortcode\" id=\"audio-3257-10\" preload=\"none\" style=\"width: 100%;\" controls=\"controls\"><source type=\"audio\/mpeg\" src=\"https:\/\/magdelstube.de\/wp-content\/uploads\/2021\/12\/Seite9_Historischer-Stadtteilspaziergang.mp3?_=10\" \/><a href=\"https:\/\/magdelstube.de\/wp-content\/uploads\/2021\/12\/Seite9_Historischer-Stadtteilspaziergang.mp3\">https:\/\/magdelstube.de\/wp-content\/uploads\/2021\/12\/Seite9_Historischer-Stadtteilspaziergang.mp3<\/a><\/audio>\n<\/p>\n<p>Kleine Stadtteil <span class='hurraki_tooltip' data-title='Bibliothek' style='border-bottom:2px dotted #888;'>Bibliothek<\/span><\/p>\n<audio class=\"wp-audio-shortcode\" id=\"audio-3257-11\" preload=\"none\" style=\"width: 100%;\" controls=\"controls\"><source type=\"audio\/mpeg\" src=\"https:\/\/magdelstube.de\/wp-content\/uploads\/2021\/12\/Seite9_Kleine-Stadtteilbibliothek.mp3?_=11\" \/><a href=\"https:\/\/magdelstube.de\/wp-content\/uploads\/2021\/12\/Seite9_Kleine-Stadtteilbibliothek.mp3\">https:\/\/magdelstube.de\/wp-content\/uploads\/2021\/12\/Seite9_Kleine-Stadtteilbibliothek.mp3<\/a><\/audio>\n<\/p>\n<p>Ausstellungsm\u00f6glichkeit<\/p>\n<audio class=\"wp-audio-shortcode\" id=\"audio-3257-12\" preload=\"none\" style=\"width: 100%;\" controls=\"controls\"><source type=\"audio\/mpeg\" src=\"https:\/\/magdelstube.de\/wp-content\/uploads\/2021\/12\/Seite9_Ausstellungsmoeglichkeit.mp3?_=12\" \/><a href=\"https:\/\/magdelstube.de\/wp-content\/uploads\/2021\/12\/Seite9_Ausstellungsmoeglichkeit.mp3\">https:\/\/magdelstube.de\/wp-content\/uploads\/2021\/12\/Seite9_Ausstellungsmoeglichkeit.mp3<\/a><\/audio>\n<\/p>\n<p>Kreativangebot<\/p>\n<audio class=\"wp-audio-shortcode\" id=\"audio-3257-13\" preload=\"none\" style=\"width: 100%;\" controls=\"controls\"><source type=\"audio\/mpeg\" src=\"https:\/\/magdelstube.de\/wp-content\/uploads\/2021\/12\/Seite9_Kreativangebot.mp3?_=13\" \/><a href=\"https:\/\/magdelstube.de\/wp-content\/uploads\/2021\/12\/Seite9_Kreativangebot.mp3\">https:\/\/magdelstube.de\/wp-content\/uploads\/2021\/12\/Seite9_Kreativangebot.mp3<\/a><\/audio>\n<\/p>\n<h2><em> Interview mit der der Gruppe \u201eNSU-Komplex aufl\u00f6sen!\u201c<\/em><\/h2>\n<p><strong>\u201eMehr Sichtbarkeit, Unterst\u00fctzung und <span class='hurraki_tooltip' data-title='Solidarit\u00e4t' style='border-bottom:2px dotted #888;'>Solidarit\u00e4t<\/span> f\u00fcr die Betroffenen\u201c<\/strong><em>\u2022 Seite 10<\/em><\/p>\n<audio class=\"wp-audio-shortcode\" id=\"audio-3257-14\" preload=\"none\" style=\"width: 100%;\" controls=\"controls\"><source type=\"audio\/mpeg\" src=\"https:\/\/magdelstube.de\/wp-content\/uploads\/2021\/12\/2021_12_Stadtteilzeitung_Ausgabe-3_NSU-Komplex-aufloesen-Interview_final.mp3?_=14\" \/><a href=\"https:\/\/magdelstube.de\/wp-content\/uploads\/2021\/12\/2021_12_Stadtteilzeitung_Ausgabe-3_NSU-Komplex-aufloesen-Interview_final.mp3\">https:\/\/magdelstube.de\/wp-content\/uploads\/2021\/12\/2021_12_Stadtteilzeitung_Ausgabe-3_NSU-Komplex-aufloesen-Interview_final.mp3<\/a><\/audio>\n<\/p>\n<h2><em>Dies &#038; das<\/em><\/h2>\n<p><strong>Magdelstube aktuell<\/strong><em>\u2022 Seite 12<\/em><\/p>\n<p><strong>Mitmachen &#038; Kontakt <\/strong><em style=\"font-family: Verdana, Geneva, sans-serif;\">\u2022 Seite 12<\/em><\/p>\n<audio class=\"wp-audio-shortcode\" id=\"audio-3257-15\" preload=\"none\" style=\"width: 100%;\" controls=\"controls\"><source type=\"audio\/mpeg\" src=\"https:\/\/magdelstube.de\/wp-content\/uploads\/2021\/05\/mitmachen-und-kontakt.mp3?_=15\" \/><a href=\"https:\/\/magdelstube.de\/wp-content\/uploads\/2021\/05\/mitmachen-und-kontakt.mp3\">https:\/\/magdelstube.de\/wp-content\/uploads\/2021\/05\/mitmachen-und-kontakt.mp3<\/a><\/audio>\n<p><strong>Impressum<\/strong> <em style=\"font-family: Verdana, Geneva, sans-serif;\">\u2022 Seite 12<\/em><\/p>\n<audio class=\"wp-audio-shortcode\" id=\"audio-3257-16\" preload=\"none\" style=\"width: 100%;\" controls=\"controls\"><source type=\"audio\/mpeg\" src=\"https:\/\/magdelstube.de\/wp-content\/uploads\/2021\/05\/impressum.mp3?_=16\" \/><a href=\"https:\/\/magdelstube.de\/wp-content\/uploads\/2021\/05\/impressum.mp3\">https:\/\/magdelstube.de\/wp-content\/uploads\/2021\/05\/impressum.mp3<\/a><\/audio>\n<hr \/>\n<blockquote>\n<p><a href=\"https:\/\/magdelstube.de\/wp-content\/uploads\/2021\/06\/BMFSFJ_DL_mitFoerderzusatz-e1623139938461.png\"><img loading=\"lazy\" decoding=\"async\" class=\"alignnone wp-image-2578\" src=\"https:\/\/magdelstube.de\/wp-content\/uploads\/2021\/06\/BMFSFJ_DL_mitFoerderzusatz-e1623139938461-1024x243.png\" alt=\"\" width=\"337\" height=\"80\" srcset=\"https:\/\/magdelstube.de\/wp-content\/uploads\/2021\/06\/BMFSFJ_DL_mitFoerderzusatz-e1623139938461-1024x243.png 1024w, https:\/\/magdelstube.de\/wp-content\/uploads\/2021\/06\/BMFSFJ_DL_mitFoerderzusatz-e1623139938461-300x71.png 300w, https:\/\/magdelstube.de\/wp-content\/uploads\/2021\/06\/BMFSFJ_DL_mitFoerderzusatz-e1623139938461-768x182.png 768w, https:\/\/magdelstube.de\/wp-content\/uploads\/2021\/06\/BMFSFJ_DL_mitFoerderzusatz-e1623139938461-1536x365.png 1536w, https:\/\/magdelstube.de\/wp-content\/uploads\/2021\/06\/BMFSFJ_DL_mitFoerderzusatz-e1623139938461.png 1677w\" sizes=\"auto, (max-width: 337px) 100vw, 337px\" \/><\/a><a href=\"https:\/\/magdelstube.de\/wp-content\/uploads\/2021\/06\/Logos-Land-fertig-scaled.jpg\"><img loading=\"lazy\" decoding=\"async\" class=\"alignnone wp-image-2579\" src=\"https:\/\/magdelstube.de\/wp-content\/uploads\/2021\/06\/Logos-Land-fertig-1024x238.jpg\" alt=\"\" width=\"345\" height=\"80\" srcset=\"https:\/\/magdelstube.de\/wp-content\/uploads\/2021\/06\/Logos-Land-fertig-1024x238.jpg 1024w, https:\/\/magdelstube.de\/wp-content\/uploads\/2021\/06\/Logos-Land-fertig-300x70.jpg 300w, https:\/\/magdelstube.de\/wp-content\/uploads\/2021\/06\/Logos-Land-fertig-768x178.jpg 768w, https:\/\/magdelstube.de\/wp-content\/uploads\/2021\/06\/Logos-Land-fertig-1536x356.jpg 1536w, https:\/\/magdelstube.de\/wp-content\/uploads\/2021\/06\/Logos-Land-fertig-2048x475.jpg 2048w\" sizes=\"auto, (max-width: 345px) 100vw, 345px\" \/><\/a><a href=\"https:\/\/magdelstube.de\/wp-content\/uploads\/2021\/06\/PfD-Jena-Logo_rechteckig_2020.jpg\"><img loading=\"lazy\" decoding=\"async\" class=\"alignnone wp-image-2580\" src=\"https:\/\/magdelstube.de\/wp-content\/uploads\/2021\/06\/PfD-Jena-Logo_rechteckig_2020-1024x276.jpg\" alt=\"\" width=\"185\" height=\"50\" srcset=\"https:\/\/magdelstube.de\/wp-content\/uploads\/2021\/06\/PfD-Jena-Logo_rechteckig_2020-1024x276.jpg 1024w, https:\/\/magdelstube.de\/wp-content\/uploads\/2021\/06\/PfD-Jena-Logo_rechteckig_2020-300x81.jpg 300w, https:\/\/magdelstube.de\/wp-content\/uploads\/2021\/06\/PfD-Jena-Logo_rechteckig_2020-768x207.jpg 768w, https:\/\/magdelstube.de\/wp-content\/uploads\/2021\/06\/PfD-Jena-Logo_rechteckig_2020-1536x415.jpg 1536w, https:\/\/magdelstube.de\/wp-content\/uploads\/2021\/06\/PfD-Jena-Logo_rechteckig_2020-2048x553.jpg 2048w\" sizes=\"auto, (max-width: 185px) 100vw, 185px\" \/><\/a><\/p>\n<pre style=\"text-align: center;\"><em>Diese <span class='hurraki_tooltip' data-title='Publikation' style='border-bottom:2px dotted #888;'>Publikation<\/span> stellt keine Meinungs\u00e4u\u00dferung der F\u00f6rdermittelgebenden dar. F\u00fcr die inhaltlichen Aussagen tr\u00e4gt die Redaktion die <span class='hurraki_tooltip' data-title='Verantwortung' style='border-bottom:2px dotted #888;'>Verantwortung<\/span>.<\/em>\r\n<em>Diese Ausgabe der Stadtteilzeitung wurde vom Ortsteilsrat Jena-S\u00fcd finanziell unterst\u00fctzt.<\/em><\/pre>\n<\/blockquote>\n<h5><\/h5>\n","protected":false},"excerpt":{"rendered":"<p>Hier findet ihr Ausgabe #3 der Stadtteilzeitung zum herunterladen. Einfach auf die Titelseite klicken. \u2666 Aufgepasst: Unten geht es sogar noch weiter.\u2666 Hier findet ihr Artikel und Texte aus Ausgabe #3 vorgelesen zum anh\u00f6ren. Einfach die Audios abspielen oder auf<\/p>\n","protected":false},"author":1,"featured_media":0,"parent":2668,"menu_order":0,"comment_status":"closed","ping_status":"closed","template":"","meta":{"footnotes":""},"class_list":["post-3257","page","type-page","status-publish","hentry"],"translation":{"provider":"WPGlobus","version":"3.0.2","language":"en","enabled_languages":["de","en"],"languages":{"de":{"title":true,"content":true,"excerpt":false},"en":{"title":false,"content":false,"excerpt":false}}},"_links":{"self":[{"href":"https:\/\/www.magdelstube.de\/en\/wp-json\/wp\/v2\/pages\/3257","targetHints":{"allow":["GET"]}}],"collection":[{"href":"https:\/\/www.magdelstube.de\/en\/wp-json\/wp\/v2\/pages"}],"about":[{"href":"https:\/\/www.magdelstube.de\/en\/wp-json\/wp\/v2\/types\/page"}],"author":[{"embeddable":true,"href":"https:\/\/www.magdelstube.de\/en\/wp-json\/wp\/v2\/users\/1"}],"replies":[{"embeddable":true,"href":"https:\/\/www.magdelstube.de\/en\/wp-json\/wp\/v2\/comments?post=3257"}],"version-history":[{"count":30,"href":"https:\/\/www.magdelstube.de\/en\/wp-json\/wp\/v2\/pages\/3257\/revisions"}],"predecessor-version":[{"id":3801,"href":"https:\/\/www.magdelstube.de\/en\/wp-json\/wp\/v2\/pages\/3257\/revisions\/3801"}],"up":[{"embeddable":true,"href":"https:\/\/www.magdelstube.de\/en\/wp-json\/wp\/v2\/pages\/2668"}],"wp:attachment":[{"href":"https:\/\/www.magdelstube.de\/en\/wp-json\/wp\/v2\/media?parent=3257"}],"curies":[{"name":"wp","href":"https:\/\/api.w.org\/{rel}","templated":true}]}}