{"id":3523,"date":"2022-05-23T09:01:29","date_gmt":"2022-05-23T07:01:29","guid":{"rendered":"https:\/\/m23.uber.space\/?page_id=3523"},"modified":"2022-05-23T09:01:32","modified_gmt":"2022-05-23T07:01:32","slug":"kontakt","status":"publish","type":"page","link":"https:\/\/www.magdelstube.de\/en\/kontakt\/","title":{"rendered":"Kontakt"},"content":{"rendered":"<p>Die Magdelstube ist ein Ort, der von Nachbarinnen und Nachbarn organisiert und gestaltet wird. Wir sind alle ehrenamtlich in der Magdelstube aktiv, ein durchgehender Telefondienst ist daher leider nicht m\u00f6glich. Die beste M\u00f6glichkeit, uns zu erreichen ist \u00fcber unsere E-Mailadresse. Schreibt uns direkt oder nutzt das Kontaktformular.<\/p>\n<p class=\"wpcf7-contact-form-not-found\"><strong>Error:<\/strong> Contact form not found.<\/p>\n","protected":false},"excerpt":{"rendered":"<p>Die Magdelstube ist ein Ort, der von Nachbarinnen und Nachbarn organisiert und gestaltet wird. Wir sind alle ehrenamtlich in der Magdelstube aktiv, ein durchgehender Telefondienst ist daher leider nicht m\u00f6glich. Die beste M\u00f6glichkeit, uns zu erreichen ist \u00fcber unsere E-Mailadresse.<\/p>\n","protected":false},"author":1,"featured_media":0,"parent":0,"menu_order":0,"comment_status":"closed","ping_status":"closed","template":"","meta":{"footnotes":""},"class_list":["post-3523","page","type-page","status-publish","hentry"],"translation":{"provider":"WPGlobus","version":"3.0.2","language":"en","enabled_languages":["de","en"],"languages":{"de":{"title":true,"content":true,"excerpt":false},"en":{"title":false,"content":false,"excerpt":false}}},"_links":{"self":[{"href":"https:\/\/www.magdelstube.de\/en\/wp-json\/wp\/v2\/pages\/3523","targetHints":{"allow":["GET"]}}],"collection":[{"href":"https:\/\/www.magdelstube.de\/en\/wp-json\/wp\/v2\/pages"}],"about":[{"href":"https:\/\/www.magdelstube.de\/en\/wp-json\/wp\/v2\/types\/page"}],"author":[{"embeddable":true,"href":"https:\/\/www.magdelstube.de\/en\/wp-json\/wp\/v2\/users\/1"}],"replies":[{"embeddable":true,"href":"https:\/\/www.magdelstube.de\/en\/wp-json\/wp\/v2\/comments?post=3523"}],"version-history":[{"count":12,"href":"https:\/\/www.magdelstube.de\/en\/wp-json\/wp\/v2\/pages\/3523\/revisions"}],"predecessor-version":[{"id":3561,"href":"https:\/\/www.magdelstube.de\/en\/wp-json\/wp\/v2\/pages\/3523\/revisions\/3561"}],"wp:attachment":[{"href":"https:\/\/www.magdelstube.de\/en\/wp-json\/wp\/v2\/media?parent=3523"}],"curies":[{"name":"wp","href":"https:\/\/api.w.org\/{rel}","templated":true}]}}