{"id":3550,"date":"2022-05-22T22:56:25","date_gmt":"2022-05-22T20:56:25","guid":{"rendered":"https:\/\/www.magdelstube.de\/?page_id=3550"},"modified":"2022-06-04T23:40:38","modified_gmt":"2022-06-04T21:40:38","slug":"denkzettel","status":"publish","type":"page","link":"https:\/\/www.magdelstube.de\/en\/denkzettel\/","title":{"rendered":"Denkzettel"},"content":{"rendered":"<h1>Parkhinweiszettel als Denkzettel<\/h1>\n<h2>Jetzt einfach unsere Vorlage herunterladen, ausdrucken und selbst verteilen<\/h2>\n<figure id=\"attachment_3545\" aria-describedby=\"caption-attachment-3545\" style=\"width: 300px\" class=\"wp-caption alignleft\"><img loading=\"lazy\" decoding=\"async\" class=\"size-medium wp-image-3545\" src=\"https:\/\/magdelstube.de\/wp-content\/uploads\/2022\/05\/Stadtteilzeitung-3-2-3-300x225.jpg\" alt=\"Das Bild ist ein Foto eines Zugangs zu dem Spielplatz Fichteplatz in Jena. Er besteht aus einer steilen Rampe und einer Treppe. Die Rampe geht absch\u00fcssig auf eine Stra\u00dfe zu, auf der Stra\u00dfe ist durch eine Zickzack Linie ein Halteverbot eingezcihent. Ein Bobbycar steht am Ende der Rampe.\" width=\"300\" height=\"225\" srcset=\"https:\/\/magdelstube.de\/wp-content\/uploads\/2022\/05\/Stadtteilzeitung-3-2-3-300x225.jpg 300w, https:\/\/magdelstube.de\/wp-content\/uploads\/2022\/05\/Stadtteilzeitung-3-2-3-1024x768.jpg 1024w, https:\/\/magdelstube.de\/wp-content\/uploads\/2022\/05\/Stadtteilzeitung-3-2-3-768x576.jpg 768w, https:\/\/magdelstube.de\/wp-content\/uploads\/2022\/05\/Stadtteilzeitung-3-2-3-1536x1152.jpg 1536w, https:\/\/magdelstube.de\/wp-content\/uploads\/2022\/05\/Stadtteilzeitung-3-2-3-2048x1536.jpg 2048w\" sizes=\"auto, (max-width: 300px) 100vw, 300px\" \/><figcaption id=\"caption-attachment-3545\" class=\"wp-caption-text\">Einer der Zug\u00e4nge zum Fichteplatz Spielplatz besteht durch eine Steile Rampe auf eine Stra\u00dfe. Der Bereich auf der Stra\u00dfe stellt ein Halteverbot dar. Dieser wird regelm\u00e4\u00dfg von Menschen mit <span class='hurraki_tooltip' data-title='Auto' style='border-bottom:2px dotted #888;'>Auto<\/span> ignoriert.<\/figcaption><\/figure>\n<figure id=\"attachment_3783\" aria-describedby=\"caption-attachment-3783\" style=\"width: 300px\" class=\"wp-caption alignright\"><a href=\"https:\/\/magdelstube.de\/wp-content\/uploads\/2022\/06\/Denkzettel-Parkhinweiszettel-fuer-den-Fichteplatz.pdf\" target=\"_blank\" rel=\"noopener\"><img loading=\"lazy\" decoding=\"async\" class=\"wp-image-3783\" src=\"https:\/\/magdelstube.de\/wp-content\/uploads\/2022\/06\/Klickbild-Parkhinweiszettel-300x212.png\" alt=\"\" width=\"300\" height=\"212\" srcset=\"https:\/\/magdelstube.de\/wp-content\/uploads\/2022\/06\/Klickbild-Parkhinweiszettel-300x212.png 300w, https:\/\/magdelstube.de\/wp-content\/uploads\/2022\/06\/Klickbild-Parkhinweiszettel-768x542.png 768w, https:\/\/magdelstube.de\/wp-content\/uploads\/2022\/06\/Klickbild-Parkhinweiszettel.png 980w\" sizes=\"auto, (max-width: 300px) 100vw, 300px\" \/><\/a><figcaption id=\"caption-attachment-3783\" class=\"wp-caption-text\">Klicken Sie einfach auf die Vorlage, um die Druckdatei herunterzuladen. Am besten funktioniert das ganze auf orangenem Papier. Viel Spa\u00df beim verteilen.<\/figcaption><\/figure>\n<p style=\"text-align: left;\">Die Parksituation ist auch am Fichteplatz angespannt. Damit Menschen, die den Fichteplatz nutzen m\u00f6chten, \u00fcber den \u00f6stlichen Zugang sicher hochkommen, wurde eine Halteverbotszone eingerichtet. Diese wird regelm\u00e4\u00dfig von Menschen mit Auto ignoriert. Meistens, weil es &#8220;nur&#8221; um einen schnellen Gang in den Supermarkt geht. Leider bedeutet dies, dass f\u00fcr den Zeitraum entweder die Stra\u00dfe f\u00fcr Kinder kaum noch einsichtig ist, oder der Zugang ist komplett verstellt. Wenn Sie diese Gedankenlosigkeit in das Bewusstsein der parkenden Menschen bringen m\u00f6chten, k\u00f6nnen Sie einfach unsere Parkhinweiszettel herunterladen, ausdrucken (Vorzugsweise auf orangenes Papier) und verteilen.<\/p>\n<p>&nbsp;<\/p>\n","protected":false},"excerpt":{"rendered":"<p>Parkhinweiszettel als Denkzettel Jetzt einfach unsere Vorlage herunterladen, ausdrucken und selbst verteilen Die Parksituation ist auch am Fichteplatz angespannt. Damit Menschen, die den Fichteplatz nutzen m\u00f6chten, \u00fcber den \u00f6stlichen Zugang sicher hochkommen, wurde eine Halteverbotszone eingerichtet. Diese wird regelm\u00e4\u00dfig von<\/p>\n","protected":false},"author":1,"featured_media":3545,"parent":0,"menu_order":0,"comment_status":"closed","ping_status":"closed","template":"","meta":{"footnotes":""},"class_list":["post-3550","page","type-page","status-publish","has-post-thumbnail","hentry"],"translation":{"provider":"WPGlobus","version":"3.0.2","language":"en","enabled_languages":["de","en"],"languages":{"de":{"title":true,"content":true,"excerpt":false},"en":{"title":false,"content":false,"excerpt":false}}},"_links":{"self":[{"href":"https:\/\/www.magdelstube.de\/en\/wp-json\/wp\/v2\/pages\/3550","targetHints":{"allow":["GET"]}}],"collection":[{"href":"https:\/\/www.magdelstube.de\/en\/wp-json\/wp\/v2\/pages"}],"about":[{"href":"https:\/\/www.magdelstube.de\/en\/wp-json\/wp\/v2\/types\/page"}],"author":[{"embeddable":true,"href":"https:\/\/www.magdelstube.de\/en\/wp-json\/wp\/v2\/users\/1"}],"replies":[{"embeddable":true,"href":"https:\/\/www.magdelstube.de\/en\/wp-json\/wp\/v2\/comments?post=3550"}],"version-history":[{"count":6,"href":"https:\/\/www.magdelstube.de\/en\/wp-json\/wp\/v2\/pages\/3550\/revisions"}],"predecessor-version":[{"id":3784,"href":"https:\/\/www.magdelstube.de\/en\/wp-json\/wp\/v2\/pages\/3550\/revisions\/3784"}],"wp:featuredmedia":[{"embeddable":true,"href":"https:\/\/www.magdelstube.de\/en\/wp-json\/wp\/v2\/media\/3545"}],"wp:attachment":[{"href":"https:\/\/www.magdelstube.de\/en\/wp-json\/wp\/v2\/media?parent=3550"}],"curies":[{"name":"wp","href":"https:\/\/api.w.org\/{rel}","templated":true}]}}