{"id":3788,"date":"2022-06-05T06:27:13","date_gmt":"2022-06-05T04:27:13","guid":{"rendered":"https:\/\/m23.uber.space\/?page_id=3788"},"modified":"2022-06-06T23:14:52","modified_gmt":"2022-06-06T21:14:52","slug":"stadtteilzeitung-ausgabe-4","status":"publish","type":"page","link":"https:\/\/www.magdelstube.de\/en\/stadtteilzeitung\/stadtteilzeitung-ausgabe-4\/","title":{"rendered":"Stadtteilzeitung Ausgabe #4"},"content":{"rendered":"<h1>Hier findet ihr Ausgabe #4 der Stadtteilzeitung zum herunterladen.<\/h1>\n<p><em>Einfach auf die Titelseite klicken.<\/em><\/p>\n<p><a href=\"https:\/\/magdelstube.de\/wp-content\/uploads\/2022\/05\/Stadtteilzeitung4_web.pdf\" target=\"_blank\" rel=\"noopener\"><img loading=\"lazy\" decoding=\"async\" class=\"alignnone wp-image-3790 size-medium\" src=\"https:\/\/magdelstube.de\/wp-content\/uploads\/2022\/06\/Stadtteilzeitung4_web-001-224x300.png\" alt=\"\" width=\"224\" height=\"300\" srcset=\"https:\/\/magdelstube.de\/wp-content\/uploads\/2022\/06\/Stadtteilzeitung4_web-001-224x300.png 224w, https:\/\/magdelstube.de\/wp-content\/uploads\/2022\/06\/Stadtteilzeitung4_web-001-764x1024.png 764w, https:\/\/magdelstube.de\/wp-content\/uploads\/2022\/06\/Stadtteilzeitung4_web-001-768x1029.png 768w, https:\/\/magdelstube.de\/wp-content\/uploads\/2022\/06\/Stadtteilzeitung4_web-001-300x400.png 300w, https:\/\/magdelstube.de\/wp-content\/uploads\/2022\/06\/Stadtteilzeitung4_web-001-1146x1536.png 1146w, https:\/\/magdelstube.de\/wp-content\/uploads\/2022\/06\/Stadtteilzeitung4_web-001-1528x2048.png 1528w\" sizes=\"auto, (max-width: 224px) 100vw, 224px\" \/><\/a><\/p>\n<h2 style=\"text-align: left;\">Hier findet ihr\u00a0<span class=\"hurraki_tooltip tooltipstered\" data-title=\"Artikel\" data-wahfont=\"28\"><span class='hurraki_tooltip' data-title='Artikel' style='border-bottom:2px dotted #888;'>Artikel<\/span><\/span> und Texte aus Ausgabe #4 vorgelesen zum anh\u00f6ren. Einfach die Audios abspielen oder auf die Artikel klicken.<\/h2>\n<h2 style=\"text-align: left;\"><em>Titelseite<\/em><\/h2>\n<p><strong>&#8220;<span class='hurraki_tooltip' data-title='Liebe' style='border-bottom:2px dotted #888;'>Liebe<\/span> Leser*innen&#8230;&#8221; <\/strong><em>\u2022 Seite 1<\/em><\/p>\n<audio class=\"wp-audio-shortcode\" id=\"audio-3788-1\" preload=\"none\" style=\"width: 100%;\" controls=\"controls\"><source type=\"audio\/mpeg\" src=\"https:\/\/magdelstube.de\/wp-content\/uploads\/2022\/06\/1-Titelseite.mp3?_=1\" \/><a href=\"https:\/\/magdelstube.de\/wp-content\/uploads\/2022\/06\/1-Titelseite.mp3\">https:\/\/magdelstube.de\/wp-content\/uploads\/2022\/06\/1-Titelseite.mp3<\/a><\/audio>\n<h2><em>Thema: <span class='hurraki_tooltip' data-title='Klima' style='border-bottom:2px dotted #888;'>Klima<\/span> und Verkehr<\/em><\/h2>\n<p><strong>Es wird voll auf der Stra\u00dfe<\/strong>\u00a0<em>\u2022 Seite 2<\/em><\/p>\n<audio class=\"wp-audio-shortcode\" id=\"audio-3788-2\" preload=\"none\" style=\"width: 100%;\" controls=\"controls\"><source type=\"audio\/mpeg\" src=\"https:\/\/magdelstube.de\/wp-content\/uploads\/2022\/06\/2-Es-wird-voll-auf-der-Strasse.mp3?_=2\" \/><a href=\"https:\/\/magdelstube.de\/wp-content\/uploads\/2022\/06\/2-Es-wird-voll-auf-der-Strasse.mp3\">https:\/\/magdelstube.de\/wp-content\/uploads\/2022\/06\/2-Es-wird-voll-auf-der-Strasse.mp3<\/a><\/audio>\n<p><strong>\u201eDas w\u00e4re schon insgesamt eine lebenswertere Stadt\u201c <\/strong><em>\u2022 Seite 3<\/em><\/p>\n<audio class=\"wp-audio-shortcode\" id=\"audio-3788-3\" preload=\"none\" style=\"width: 100%;\" controls=\"controls\"><source type=\"audio\/mpeg\" src=\"https:\/\/magdelstube.de\/wp-content\/uploads\/2022\/06\/3-Radentscheid-Jena.mp3?_=3\" \/><a href=\"https:\/\/magdelstube.de\/wp-content\/uploads\/2022\/06\/3-Radentscheid-Jena.mp3\">https:\/\/magdelstube.de\/wp-content\/uploads\/2022\/06\/3-Radentscheid-Jena.mp3<\/a><\/audio>\n<p><strong>Gut f\u00fcrs Klima: Zivilgesellschaftliche Initiative<\/strong>\u00a0<em>\u2022 Seite 4<\/em><\/p>\n<audio class=\"wp-audio-shortcode\" id=\"audio-3788-4\" preload=\"none\" style=\"width: 100%;\" controls=\"controls\"><source type=\"audio\/mpeg\" src=\"https:\/\/magdelstube.de\/wp-content\/uploads\/2022\/06\/4-Gut-fuers-Klima.mp3?_=4\" \/><a href=\"https:\/\/magdelstube.de\/wp-content\/uploads\/2022\/06\/4-Gut-fuers-Klima.mp3\">https:\/\/magdelstube.de\/wp-content\/uploads\/2022\/06\/4-Gut-fuers-Klima.mp3<\/a><\/audio>\n<p><strong>V\u00f6llig verkehrt<\/strong> <em>\u2022 Seite 5<\/em><\/p>\n<audio class=\"wp-audio-shortcode\" id=\"audio-3788-5\" preload=\"none\" style=\"width: 100%;\" controls=\"controls\"><source type=\"audio\/mpeg\" src=\"https:\/\/magdelstube.de\/wp-content\/uploads\/2022\/06\/5-Voellig-verkehrt.mp3?_=5\" \/><a href=\"https:\/\/magdelstube.de\/wp-content\/uploads\/2022\/06\/5-Voellig-verkehrt.mp3\">https:\/\/magdelstube.de\/wp-content\/uploads\/2022\/06\/5-Voellig-verkehrt.mp3<\/a><\/audio>\n<h2><em>Aus dem S\u00fcdviertel und Magdelstube<\/em><\/h2>\n<p><strong>Historischer Stadtteilspaziergang durch das S\u00fcdviertel <\/strong><em>\u2022 Seite 6<\/em><\/p>\n<audio class=\"wp-audio-shortcode\" id=\"audio-3788-6\" preload=\"none\" style=\"width: 100%;\" controls=\"controls\"><source type=\"audio\/mpeg\" src=\"https:\/\/magdelstube.de\/wp-content\/uploads\/2022\/06\/6-7-Historischer-Stadtteilspaziergang.mp3?_=6\" \/><a href=\"https:\/\/magdelstube.de\/wp-content\/uploads\/2022\/06\/6-7-Historischer-Stadtteilspaziergang.mp3\">https:\/\/magdelstube.de\/wp-content\/uploads\/2022\/06\/6-7-Historischer-Stadtteilspaziergang.mp3<\/a><\/audio>\n<p><strong>Stimmungsumfrage zu <\/strong><strong>den vergangenen zwei <\/strong><strong>Jahren<\/strong> <em>\u2022\u00a0<\/em><strong><span class='hurraki_tooltip' data-title='Solidarit\u00e4t' style='border-bottom:2px dotted #888;'>Solidarit\u00e4t<\/span> mit den Gefl\u00fcchteten aus der <span class='hurraki_tooltip' data-title='Ukraine' style='border-bottom:2px dotted #888;'>Ukraine<\/span> <\/strong><em>\u2022\u00a0<\/em><strong>Schatzkisten f\u00fcr Kronkorken <\/strong><em>\u2022 Seite 8<\/em><\/p>\n<audio class=\"wp-audio-shortcode\" id=\"audio-3788-7\" preload=\"none\" style=\"width: 100%;\" controls=\"controls\"><source type=\"audio\/mpeg\" src=\"https:\/\/magdelstube.de\/wp-content\/uploads\/2022\/06\/8-drei-kleine-Artikel.mp3?_=7\" \/><a href=\"https:\/\/magdelstube.de\/wp-content\/uploads\/2022\/06\/8-drei-kleine-Artikel.mp3\">https:\/\/magdelstube.de\/wp-content\/uploads\/2022\/06\/8-drei-kleine-Artikel.mp3<\/a><\/audio>\n<p><strong>Ern\u00e4hrungsberatung <\/strong><em>\u2022 Seite 9<\/em><\/p>\n<audio class=\"wp-audio-shortcode\" id=\"audio-3788-8\" preload=\"none\" style=\"width: 100%;\" controls=\"controls\"><source type=\"audio\/mpeg\" src=\"https:\/\/magdelstube.de\/wp-content\/uploads\/2022\/06\/9-Ernaehrungsberatung.mp3?_=8\" \/><a href=\"https:\/\/magdelstube.de\/wp-content\/uploads\/2022\/06\/9-Ernaehrungsberatung.mp3\">https:\/\/magdelstube.de\/wp-content\/uploads\/2022\/06\/9-Ernaehrungsberatung.mp3<\/a><\/audio>\n<p><strong>Neuigkeiten aus der Magdelstube<\/strong> <em>\u2022 Seite 9<\/em><\/p>\n<p>Strick- und N\u00e4hcaf\u00e9 | Stencil-Nachmittag | Doku-Filmabende | <span class='hurraki_tooltip' data-title='Vortrag' style='border-bottom:2px dotted #888;'>Vortrag<\/span> Seefahrt<\/p>\n<audio class=\"wp-audio-shortcode\" id=\"audio-3788-9\" preload=\"none\" style=\"width: 100%;\" controls=\"controls\"><source type=\"audio\/mpeg\" src=\"https:\/\/magdelstube.de\/wp-content\/uploads\/2022\/06\/9-Neuigkeiten-aus-der-Magdelstube.mp3?_=9\" \/><a href=\"https:\/\/magdelstube.de\/wp-content\/uploads\/2022\/06\/9-Neuigkeiten-aus-der-Magdelstube.mp3\">https:\/\/magdelstube.de\/wp-content\/uploads\/2022\/06\/9-Neuigkeiten-aus-der-Magdelstube.mp3<\/a><\/audio>\n<h2><em>Dies &amp; das<\/em><\/h2>\n<p><strong>Magdelstube aktuell <\/strong><em>\u2022 Seite 10<\/em><\/p>\n<audio class=\"wp-audio-shortcode\" id=\"audio-3788-10\" preload=\"none\" style=\"width: 100%;\" controls=\"controls\"><source type=\"audio\/mpeg\" src=\"https:\/\/magdelstube.de\/wp-content\/uploads\/2022\/06\/10-Dies-und-Das.mp3?_=10\" \/><a href=\"https:\/\/magdelstube.de\/wp-content\/uploads\/2022\/06\/10-Dies-und-Das.mp3\">https:\/\/magdelstube.de\/wp-content\/uploads\/2022\/06\/10-Dies-und-Das.mp3<\/a><\/audio>\n<p><strong>Mitmachen &amp; Kontakt <em>\u2022<\/em><\/strong><em style=\"font-family: Verdana, Geneva, sans-serif;\">\u00a0Seite 12<\/em><\/p>\n<audio class=\"wp-audio-shortcode\" id=\"audio-3788-11\" preload=\"none\" style=\"width: 100%;\" controls=\"controls\"><source type=\"audio\/mpeg\" src=\"https:\/\/magdelstube.de\/wp-content\/uploads\/2022\/06\/12-Mitmachen-und-Kontakt.mp3?_=11\" \/><a href=\"https:\/\/magdelstube.de\/wp-content\/uploads\/2022\/06\/12-Mitmachen-und-Kontakt.mp3\">https:\/\/magdelstube.de\/wp-content\/uploads\/2022\/06\/12-Mitmachen-und-Kontakt.mp3<\/a><\/audio>\n<p><strong>Spendengesuch und n\u00e4chste Ausgabe<\/strong>\u00a0<em>\u2022<\/em><em style=\"font-family: Verdana, Geneva, sans-serif;\">\u00a0Seite 12<\/em><\/p>\n<audio class=\"wp-audio-shortcode\" id=\"audio-3788-12\" preload=\"none\" style=\"width: 100%;\" controls=\"controls\"><source type=\"audio\/mpeg\" src=\"https:\/\/magdelstube.de\/wp-content\/uploads\/2022\/06\/12-Spendengesuch-Forst.mp3?_=12\" \/><a href=\"https:\/\/magdelstube.de\/wp-content\/uploads\/2022\/06\/12-Spendengesuch-Forst.mp3\">https:\/\/magdelstube.de\/wp-content\/uploads\/2022\/06\/12-Spendengesuch-Forst.mp3<\/a><\/audio>\n<p><strong>Sternchen<\/strong> <em>\u2022<\/em><em style=\"font-family: Verdana, Geneva, sans-serif;\">\u00a0Seite 12<\/em><\/p>\n<audio class=\"wp-audio-shortcode\" id=\"audio-3788-13\" preload=\"none\" style=\"width: 100%;\" controls=\"controls\"><source type=\"audio\/mpeg\" src=\"https:\/\/magdelstube.de\/wp-content\/uploads\/2022\/06\/12-Sternchen.mp3?_=13\" \/><a href=\"https:\/\/magdelstube.de\/wp-content\/uploads\/2022\/06\/12-Sternchen.mp3\">https:\/\/magdelstube.de\/wp-content\/uploads\/2022\/06\/12-Sternchen.mp3<\/a><\/audio>\n<p><strong>Impressum<\/strong> <em>\u2022<\/em><em style=\"font-family: Verdana, Geneva, sans-serif;\">\u00a0Seite 12<\/em><\/p>\n<audio class=\"wp-audio-shortcode\" id=\"audio-3788-14\" preload=\"none\" style=\"width: 100%;\" controls=\"controls\"><source type=\"audio\/mpeg\" src=\"https:\/\/magdelstube.de\/wp-content\/uploads\/2022\/06\/12-Impressum.mp3?_=14\" \/><a href=\"https:\/\/magdelstube.de\/wp-content\/uploads\/2022\/06\/12-Impressum.mp3\">https:\/\/magdelstube.de\/wp-content\/uploads\/2022\/06\/12-Impressum.mp3<\/a><\/audio>\n<hr \/>\n<blockquote><p><a href=\"https:\/\/magdelstube.de\/wp-content\/uploads\/2021\/06\/BMFSFJ_DL_mitFoerderzusatz-e1623139938461.png\"><img loading=\"lazy\" decoding=\"async\" class=\"alignnone wp-image-2578\" src=\"https:\/\/magdelstube.de\/wp-content\/uploads\/2021\/06\/BMFSFJ_DL_mitFoerderzusatz-e1623139938461-1024x243.png\" alt=\"\" width=\"337\" height=\"80\" srcset=\"https:\/\/magdelstube.de\/wp-content\/uploads\/2021\/06\/BMFSFJ_DL_mitFoerderzusatz-e1623139938461-1024x243.png 1024w, https:\/\/magdelstube.de\/wp-content\/uploads\/2021\/06\/BMFSFJ_DL_mitFoerderzusatz-e1623139938461-300x71.png 300w, https:\/\/magdelstube.de\/wp-content\/uploads\/2021\/06\/BMFSFJ_DL_mitFoerderzusatz-e1623139938461-768x182.png 768w, https:\/\/magdelstube.de\/wp-content\/uploads\/2021\/06\/BMFSFJ_DL_mitFoerderzusatz-e1623139938461-1536x365.png 1536w, https:\/\/magdelstube.de\/wp-content\/uploads\/2021\/06\/BMFSFJ_DL_mitFoerderzusatz-e1623139938461.png 1677w\" sizes=\"auto, (max-width: 337px) 100vw, 337px\" \/><\/a><a href=\"https:\/\/magdelstube.de\/wp-content\/uploads\/2021\/06\/Logos-Land-fertig-scaled.jpg\"><img loading=\"lazy\" decoding=\"async\" class=\"alignnone wp-image-2579\" src=\"https:\/\/magdelstube.de\/wp-content\/uploads\/2021\/06\/Logos-Land-fertig-1024x238.jpg\" alt=\"\" width=\"345\" height=\"80\" srcset=\"https:\/\/magdelstube.de\/wp-content\/uploads\/2021\/06\/Logos-Land-fertig-1024x238.jpg 1024w, https:\/\/magdelstube.de\/wp-content\/uploads\/2021\/06\/Logos-Land-fertig-300x70.jpg 300w, https:\/\/magdelstube.de\/wp-content\/uploads\/2021\/06\/Logos-Land-fertig-768x178.jpg 768w, https:\/\/magdelstube.de\/wp-content\/uploads\/2021\/06\/Logos-Land-fertig-1536x356.jpg 1536w, https:\/\/magdelstube.de\/wp-content\/uploads\/2021\/06\/Logos-Land-fertig-2048x475.jpg 2048w\" sizes=\"auto, (max-width: 345px) 100vw, 345px\" \/><\/a><a href=\"https:\/\/magdelstube.de\/wp-content\/uploads\/2021\/06\/PfD-Jena-Logo_rechteckig_2020.jpg\"><img loading=\"lazy\" decoding=\"async\" class=\"alignnone wp-image-2580\" src=\"https:\/\/magdelstube.de\/wp-content\/uploads\/2021\/06\/PfD-Jena-Logo_rechteckig_2020-1024x276.jpg\" alt=\"\" width=\"185\" height=\"50\" srcset=\"https:\/\/magdelstube.de\/wp-content\/uploads\/2021\/06\/PfD-Jena-Logo_rechteckig_2020-1024x276.jpg 1024w, https:\/\/magdelstube.de\/wp-content\/uploads\/2021\/06\/PfD-Jena-Logo_rechteckig_2020-300x81.jpg 300w, https:\/\/magdelstube.de\/wp-content\/uploads\/2021\/06\/PfD-Jena-Logo_rechteckig_2020-768x207.jpg 768w, https:\/\/magdelstube.de\/wp-content\/uploads\/2021\/06\/PfD-Jena-Logo_rechteckig_2020-1536x415.jpg 1536w, https:\/\/magdelstube.de\/wp-content\/uploads\/2021\/06\/PfD-Jena-Logo_rechteckig_2020-2048x553.jpg 2048w\" sizes=\"auto, (max-width: 185px) 100vw, 185px\" \/><\/a><\/p>\n<pre style=\"text-align: center;\"><em>Diese <span class='hurraki_tooltip' data-title='Publikation' style='border-bottom:2px dotted #888;'>Publikation<\/span> stellt keine Meinungs\u00e4u\u00dferung der F\u00f6rdermittelgebenden dar. F\u00fcr die inhaltlichen Aussagen tr\u00e4gt die Redaktion die <span class='hurraki_tooltip' data-title='Verantwortung' style='border-bottom:2px dotted #888;'>Verantwortung<\/span>.<\/em>\r\n<em>Diese Ausgabe der Stadtteilzeitung wurde vom Ortsteilsrat Jena-S\u00fcd finanziell unterst\u00fctzt.<\/em><\/pre>\n<\/blockquote>\n<h5><\/h5>\n","protected":false},"excerpt":{"rendered":"<p>Hier findet ihr Ausgabe #4 der Stadtteilzeitung zum herunterladen. Einfach auf die Titelseite klicken. Hier findet ihr\u00a0Artikel und Texte aus Ausgabe #4 vorgelesen zum anh\u00f6ren. Einfach die Audios abspielen oder auf die Artikel klicken. Titelseite &#8220;Liebe Leser*innen&#8230;&#8221; \u2022 Seite 1<\/p>\n","protected":false},"author":1,"featured_media":0,"parent":2668,"menu_order":4,"comment_status":"closed","ping_status":"closed","template":"","meta":{"footnotes":""},"class_list":["post-3788","page","type-page","status-publish","hentry"],"translation":{"provider":"WPGlobus","version":"3.0.2","language":"en","enabled_languages":["de","en"],"languages":{"de":{"title":true,"content":true,"excerpt":false},"en":{"title":false,"content":false,"excerpt":false}}},"_links":{"self":[{"href":"https:\/\/www.magdelstube.de\/en\/wp-json\/wp\/v2\/pages\/3788","targetHints":{"allow":["GET"]}}],"collection":[{"href":"https:\/\/www.magdelstube.de\/en\/wp-json\/wp\/v2\/pages"}],"about":[{"href":"https:\/\/www.magdelstube.de\/en\/wp-json\/wp\/v2\/types\/page"}],"author":[{"embeddable":true,"href":"https:\/\/www.magdelstube.de\/en\/wp-json\/wp\/v2\/users\/1"}],"replies":[{"embeddable":true,"href":"https:\/\/www.magdelstube.de\/en\/wp-json\/wp\/v2\/comments?post=3788"}],"version-history":[{"count":11,"href":"https:\/\/www.magdelstube.de\/en\/wp-json\/wp\/v2\/pages\/3788\/revisions"}],"predecessor-version":[{"id":3802,"href":"https:\/\/www.magdelstube.de\/en\/wp-json\/wp\/v2\/pages\/3788\/revisions\/3802"}],"up":[{"embeddable":true,"href":"https:\/\/www.magdelstube.de\/en\/wp-json\/wp\/v2\/pages\/2668"}],"wp:attachment":[{"href":"https:\/\/www.magdelstube.de\/en\/wp-json\/wp\/v2\/media?parent=3788"}],"curies":[{"name":"wp","href":"https:\/\/api.w.org\/{rel}","templated":true}]}}